{"id":152,"date":"2016-08-04T11:10:19","date_gmt":"2016-08-04T08:10:19","guid":{"rendered":"http:\/\/www.eskofinland.fi\/wp.www35.zoner-asiakas.fi\/?page_id=152&#038;lang=en"},"modified":"2021-05-14T09:56:48","modified_gmt":"2021-05-14T06:56:48","slug":"homepage","status":"publish","type":"page","link":"https:\/\/www.eskofinland.fi\/en\/","title":{"rendered":"Homepage"},"content":{"rendered":"[mk_page_section bg_image=&#8221;https:\/\/www.eskofinland.fi\/wp\/wp-content\/uploads\/2017\/02\/raksamies_esko_2-fix.jpg&#8221; attachment=&#8221;fixed&#8221; bg_position=&#8221;center center&#8221; bg_stretch=&#8221;true&#8221; min_height=&#8221;200&#8243; full_width=&#8221;true&#8221; visibility=&#8221;visible-sm&#8221; sidebar=&#8221;sidebar-1&#8243;][vc_column][\/vc_column][\/mk_page_section][mk_page_section visibility=&#8221;hidden-nb&#8221; sidebar=&#8221;sidebar-1&#8243;][vc_column]\n\t\t\t\t<p class=\"rs-p-wp-fix\"><\/p>\n\t\t\t\t<sr7-module data-alias=\"mainslider-en\" data-id=\"10\" id=\"SR7_10_1\" data-version=\"6.7.54\">\n\t\t\t\t\t<sr7-adjuster><\/sr7-adjuster>\n\t\t\t\t\t<sr7-content>\n\t\t\t\t\t\t<sr7-slide id=\"SR7_10_1-10\" data-key=\"10\">\n\t\t\t\t\t\t\t<sr7-bg id=\"SR7_10_1-10-slidebg\" class=\"sr7-layer\"><noscript><img decoding=\"async\" src=\"https:\/\/www.eskofinland.fi\/wp\/wp-content\/uploads\/2020\/05\/ban_talli_puutarha.png\" alt=\"\" title=\"ban_talli_puutarha\"><\/noscript><\/sr7-bg>\n\t\t\t\t\t\t\t<sr7-txt id=\"SR7_10_1-10-12\" class=\"sr7-layer\">Quality from steel since 1947<\/sr7-txt>\n\t\t\t\t\t\t<\/sr7-slide>\n\t\t\t\t\t\t<sr7-slide id=\"SR7_10_1-11\" data-key=\"11\">\n\t\t\t\t\t\t\t<sr7-bg id=\"SR7_10_1-11-slidebg\" class=\"sr7-layer\"><noscript><img decoding=\"async\" src=\"https:\/\/www.eskofinland.fi\/wp\/wp-content\/uploads\/2020\/05\/ban_lavav_raksa.png\" alt=\"\" title=\"Homepage\"><\/noscript><\/sr7-bg>\n\t\t\t\t\t\t\t<sr7-txt id=\"SR7_10_1-11-12\" class=\"sr7-layer\">Quality from steel since 1947<\/sr7-txt>\n\t\t\t\t\t\t<\/sr7-slide>\n\t\t\t\t\t\t<sr7-slide id=\"SR7_10_1-12\" data-key=\"12\">\n\t\t\t\t\t\t\t<sr7-bg id=\"SR7_10_1-12-slidebg\" class=\"sr7-layer\"><noscript><img decoding=\"async\" src=\"https:\/\/www.eskofinland.fi\/wp\/wp-content\/uploads\/2019\/12\/hiekoituskrryt.png\" alt=\"\" title=\"hiekoituskrryt\"><\/noscript><\/sr7-bg>\n\t\t\t\t\t\t\t<sr7-txt id=\"SR7_10_1-12-12\" class=\"sr7-layer\">Quality from steel since 1947<\/sr7-txt>\n\t\t\t\t\t\t<\/sr7-slide>\n\t\t\t\t\t\t<sr7-slide id=\"SR7_10_1-8\" data-key=\"8\">\n\t\t\t\t\t\t\t<sr7-bg id=\"SR7_10_1-8-slidebg\" class=\"sr7-layer\"><noscript><img decoding=\"async\" src=\"https:\/\/www.eskofinland.fi\/wp\/wp-content\/uploads\/2016\/08\/tilaus_slider.jpg\" alt=\"\" title=\"Homepage\"><\/noscript><\/sr7-bg>\n\t\t\t\t\t\t\t<sr7-txt id=\"SR7_10_1-8-7\" class=\"sr7-layer\">Quality from steel since 1947<\/sr7-txt>\n\t\t\t\t\t\t<\/sr7-slide>\n\t\t\t\t\t\t<sr7-slide id=\"SR7_10_1-32\" data-key=\"32\">\n\t\t\t\t\t\t<\/sr7-slide>\n\t\t\t\t\t<\/sr7-content>\n\t\t\t\t<\/sr7-module>\n\t\t\t\t<script>\n\t\t\t\t\twindow.SR7 ??={};SR7.PMH ??={}; SR7.PMH[\"SR7_10_1\"] = {cn:100,state:false,fn: function() { if (window._tpt!==undefined && window._tpt.prepareModuleHeight !== undefined) {  _tpt.prepareModuleHeight({id:\"SR7_10_1\",el:[450],type:'standard',shdw:'0',gh:[450],gw:[1224],vpt:['-200px'],size:{fullWidth:true, fullHeight:false},mh:'0',onh:0,onw:0,bg:{color:'transparent'},plType:'0',plColor:'#FFFFFF'});   SR7.PMH[\"SR7_10_1\"].state=true;} else if(SR7.PMH[\"SR7_10_1\"].cn-->0)\tsetTimeout( SR7.PMH[\"SR7_10_1\"].fn,19);}};SR7.PMH[\"SR7_10_1\" ].fn();\n\t\t\t\t<\/script>\n[\/vc_column][\/mk_page_section][mk_page_section sidebar=&#8221;sidebar-1&#8243;][vc_column width=&#8221;1\/3&#8243;][vc_custom_heading text=&#8221;ESKO HEAVY&#8221; font_container=&#8221;tag:h2|font_size:24|text_align:center&#8221; use_theme_fonts=&#8221;yes&#8221;][mk_image src=&#8221;https:\/\/www.eskofinland.fi\/wp\/wp-content\/uploads\/2020\/01\/ympyr_esko.png&#8221; image_width=&#8221;600&#8243; image_height=&#8221;450&#8243; link=&#8221;products\/?lang=en&#8221; crop=&#8221;false&#8221;][mk_button dimension=&#8221;flat&#8221; size=&#8221;medium&#8221; url=&#8221;products\/?lang=en&#8221; align=&#8221;center&#8221; margin_right=&#8221;0&#8243; bg_color=&#8221;#ff6a13&#8243; btn_hover_bg=&#8221;#000000&#8243;]ALL ESKO HEAVY PRODUCTS[\/mk_button][\/vc_column][vc_column width=&#8221;1\/3&#8243;][vc_custom_heading text=&#8221;ESKO SL&#8221; font_container=&#8221;tag:h2|font_size:24|text_align:center&#8221; use_theme_fonts=&#8221;yes&#8221;][mk_image src=&#8221;https:\/\/www.eskofinland.fi\/wp\/wp-content\/uploads\/2020\/01\/ympyr_sl.png&#8221; image_width=&#8221;600&#8243; image_height=&#8221;450&#8243; link=&#8221;products\/?lang=en&#8221; crop=&#8221;false&#8221;][mk_button dimension=&#8221;flat&#8221; size=&#8221;medium&#8221; url=&#8221;products\/?lang=en&#8221; align=&#8221;center&#8221; margin_right=&#8221;0&#8243; bg_color=&#8221;#ff6a13&#8243; btn_hover_bg=&#8221;#000000&#8243;]ALL ESKO SL PRODUCTS[\/mk_button][\/vc_column][vc_column width=&#8221;1\/3&#8243;][vc_custom_heading text=&#8221;company presentation&#8221; font_container=&#8221;tag:h2|font_size:24|text_align:center&#8221; use_theme_fonts=&#8221;yes&#8221;][mk_padding_divider][vc_video link=&#8221;https:\/\/youtu.be\/IFHBUTOIXAI&#8221;][\/vc_column][\/mk_page_section][mk_page_section min_height=&#8221;0&#8243; sidebar=&#8221;sidebar-1&#8243;][vc_column][mk_divider style=&#8221;thick_solid&#8221; border_color=&#8221;#000000&#8243; margin_top=&#8221;0&#8243; margin_bottom=&#8221;0&#8243;][\/vc_column][\/mk_page_section][mk_page_section bg_image=&#8221;https:\/\/www.eskofinland.fi\/wp\/wp-content\/uploads\/2017\/02\/raksamies_esko_2-fix.jpg&#8221; attachment=&#8221;fixed&#8221; bg_position=&#8221;center center&#8221; bg_stretch=&#8221;true&#8221; min_height=&#8221;600&#8243; full_width=&#8221;true&#8221; visibility=&#8221;hidden-sm&#8221; sidebar=&#8221;sidebar-1&#8243;][vc_column width=&#8221;1\/2&#8243;][\/vc_column][vc_column width=&#8221;1\/2&#8243;][mk_padding_divider size=&#8221;50&#8243;][vc_custom_heading text=&#8221;ESKO Finland Oy is a Finnish machine workshop founded in 1947. We are well known for our top quality and superior products and services. Our product range consist of ESKO Heavy and ESKO SL products (wheelbarrows, brickstone carts, storage carts, stair carts, sanding carts and table saws). The products are high quality and suitable for professional as well as non-professional use.&#8221; font_container=&#8221;tag:p|text_align:left|color:%23000000&#8243; use_theme_fonts=&#8221;yes&#8221; css=&#8221;.vc_custom_1580476588427{margin-right: 80px !important;padding-top: 15px !important;padding-right: 15px !important;padding-bottom: 15px !important;padding-left: 15px !important;background-color: #ffffff !important;}&#8221;][mk_button dimension=&#8221;flat&#8221; size=&#8221;medium&#8221; url=&#8221;company\/?lang=en&#8221; margin_top=&#8221;-10&#8243; margin_right=&#8221;0&#8243; bg_color=&#8221;#ff6a13&#8243; btn_hover_bg=&#8221;#000000&#8243;]READ MORE[\/mk_button][\/vc_column][\/mk_page_section]\n","protected":false},"excerpt":{"rendered":"<p>[mk_page_section bg_image=&#8221;https:\/\/www.eskofinland.fi\/wp\/wp-content\/uploads\/2017\/02\/raksamies_esko_2-fix.jpg&#8221; attachment=&#8221;fixed&#8221; bg_position=&#8221;center center&#8221; bg_stretch=&#8221;true&#8221; min_height=&#8221;200&#8243; full_width=&#8221;true&#8221; visibility=&#8221;visible-sm&#8221; sidebar=&#8221;sidebar-1&#8243;][vc_column][\/vc_column][\/mk_page_section][mk_page_section visibility=&#8221;hidden-nb&#8221; sidebar=&#8221;sidebar-1&#8243;][vc_column][\/vc_column][\/mk_page_section][mk_page_section sidebar=&#8221;sidebar-1&#8243;][vc_column width=&#8221;1\/3&#8243;][vc_custom_heading text=&#8221;ESKO HEAVY&#8221; font_container=&#8221;tag:h2|font_size:24|text_align:center&#8221; use_theme_fonts=&#8221;yes&#8221;][mk_image src=&#8221;https:\/\/www.eskofinland.fi\/wp\/wp-content\/uploads\/2020\/01\/ympyr_esko.png&#8221; image_width=&#8221;600&#8243; image_height=&#8221;450&#8243; link=&#8221;products\/?lang=en&#8221; crop=&#8221;false&#8221;][mk_button dimension=&#8221;flat&#8221; size=&#8221;medium&#8221; url=&#8221;products\/?lang=en&#8221; align=&#8221;center&#8221; margin_right=&#8221;0&#8243; bg_color=&#8221;#ff6a13&#8243; btn_hover_bg=&#8221;#000000&#8243;]ALL ESKO HEAVY PRODUCTS[\/mk_button][\/vc_column][vc_column width=&#8221;1\/3&#8243;][vc_custom_heading text=&#8221;ESKO SL&#8221; font_container=&#8221;tag:h2|font_size:24|text_align:center&#8221; use_theme_fonts=&#8221;yes&#8221;][mk_image src=&#8221;https:\/\/www.eskofinland.fi\/wp\/wp-content\/uploads\/2020\/01\/ympyr_sl.png&#8221; image_width=&#8221;600&#8243; image_height=&#8221;450&#8243; link=&#8221;products\/?lang=en&#8221; crop=&#8221;false&#8221;][mk_button dimension=&#8221;flat&#8221; size=&#8221;medium&#8221; url=&#8221;products\/?lang=en&#8221; align=&#8221;center&#8221; margin_right=&#8221;0&#8243; bg_color=&#8221;#ff6a13&#8243; btn_hover_bg=&#8221;#000000&#8243;]ALL ESKO SL PRODUCTS[\/mk_button][\/vc_column][vc_column width=&#8221;1\/3&#8243;][vc_custom_heading text=&#8221;company [&hellip;]<\/p>\n","protected":false},"author":1,"featured_media":0,"parent":0,"menu_order":0,"comment_status":"closed","ping_status":"closed","template":"","meta":{"footnotes":""},"class_list":["post-152","page","type-page","status-publish","hentry"],"yoast_head":"<!-- This site is optimized with the Yoast SEO Premium plugin v26.2 (Yoast SEO v27.5) - https:\/\/yoast.com\/product\/yoast-seo-premium-wordpress\/ -->\n<title>ESKO Finland Oy - S\u00e4link\u00e4\u00e4\u00b4s Machine Workshop<\/title>\n<meta name=\"description\" content=\"ESKO Finland Oy is a Finnish machine workshop. We are well known for our high quality products such as table saws, wheelbarrows and concrete mixers.\" \/>\n<meta name=\"robots\" content=\"index, follow, max-snippet:-1, max-image-preview:large, max-video-preview:-1\" \/>\n<link rel=\"canonical\" href=\"https:\/\/www.eskofinland.fi\/en\/\" \/>\n<meta property=\"og:locale\" content=\"en_US\" \/>\n<meta property=\"og:type\" content=\"article\" \/>\n<meta property=\"og:title\" content=\"Homepage\" \/>\n<meta property=\"og:description\" content=\"ESKO Finland Oy is a Finnish machine workshop. We are well known for our high quality products such as table saws, wheelbarrows and concrete mixers.\" \/>\n<meta property=\"og:url\" content=\"https:\/\/www.eskofinland.fi\/en\/\" \/>\n<meta property=\"og:site_name\" content=\"ESKO Finland Oy\" \/>\n<meta property=\"article:modified_time\" content=\"2021-05-14T06:56:48+00:00\" \/>\n<meta name=\"twitter:card\" content=\"summary_large_image\" \/>\n<meta name=\"twitter:label1\" content=\"Est. reading time\" \/>\n\t<meta name=\"twitter:data1\" content=\"2 minutes\" \/>\n<script type=\"application\/ld+json\" class=\"yoast-schema-graph\">{\"@context\":\"https:\\\/\\\/schema.org\",\"@graph\":[{\"@type\":\"WebPage\",\"@id\":\"https:\\\/\\\/www.eskofinland.fi\\\/en\\\/\",\"url\":\"https:\\\/\\\/www.eskofinland.fi\\\/en\\\/\",\"name\":\"ESKO Finland Oy - S\u00e4link\u00e4\u00e4\u00b4s Machine Workshop\",\"isPartOf\":{\"@id\":\"https:\\\/\\\/www.eskofinland.fi\\\/#website\"},\"datePublished\":\"2016-08-04T08:10:19+00:00\",\"dateModified\":\"2021-05-14T06:56:48+00:00\",\"description\":\"ESKO Finland Oy is a Finnish machine workshop. We are well known for our high quality products such as table saws, wheelbarrows and concrete mixers.\",\"breadcrumb\":{\"@id\":\"https:\\\/\\\/www.eskofinland.fi\\\/en\\\/#breadcrumb\"},\"inLanguage\":\"en-US\",\"potentialAction\":[{\"@type\":\"ReadAction\",\"target\":[\"https:\\\/\\\/www.eskofinland.fi\\\/en\\\/\"]}]},{\"@type\":\"BreadcrumbList\",\"@id\":\"https:\\\/\\\/www.eskofinland.fi\\\/en\\\/#breadcrumb\",\"itemListElement\":[{\"@type\":\"ListItem\",\"position\":1,\"name\":\"Home\",\"item\":\"https:\\\/\\\/www.eskofinland.fi\\\/en\\\/\"},{\"@type\":\"ListItem\",\"position\":2,\"name\":\"Homepage\"}]},{\"@type\":\"WebSite\",\"@id\":\"https:\\\/\\\/www.eskofinland.fi\\\/#website\",\"url\":\"https:\\\/\\\/www.eskofinland.fi\\\/\",\"name\":\"ESKO Finland Oy\",\"description\":\"Ter&auml;ksist&auml; laatua vuodesta 1947\",\"potentialAction\":[{\"@type\":\"SearchAction\",\"target\":{\"@type\":\"EntryPoint\",\"urlTemplate\":\"https:\\\/\\\/www.eskofinland.fi\\\/?s={search_term_string}\"},\"query-input\":{\"@type\":\"PropertyValueSpecification\",\"valueRequired\":true,\"valueName\":\"search_term_string\"}}],\"inLanguage\":\"en-US\"}]}<\/script>\n<!-- \/ Yoast SEO Premium plugin. -->","yoast_head_json":{"title":"ESKO Finland Oy - S\u00e4link\u00e4\u00e4\u00b4s Machine Workshop","description":"ESKO Finland Oy is a Finnish machine workshop. We are well known for our high quality products such as table saws, wheelbarrows and concrete mixers.","robots":{"index":"index","follow":"follow","max-snippet":"max-snippet:-1","max-image-preview":"max-image-preview:large","max-video-preview":"max-video-preview:-1"},"canonical":"https:\/\/www.eskofinland.fi\/en\/","og_locale":"en_US","og_type":"article","og_title":"Homepage","og_description":"ESKO Finland Oy is a Finnish machine workshop. We are well known for our high quality products such as table saws, wheelbarrows and concrete mixers.","og_url":"https:\/\/www.eskofinland.fi\/en\/","og_site_name":"ESKO Finland Oy","article_modified_time":"2021-05-14T06:56:48+00:00","twitter_card":"summary_large_image","twitter_misc":{"Est. reading time":"2 minutes"},"schema":{"@context":"https:\/\/schema.org","@graph":[{"@type":"WebPage","@id":"https:\/\/www.eskofinland.fi\/en\/","url":"https:\/\/www.eskofinland.fi\/en\/","name":"ESKO Finland Oy - S\u00e4link\u00e4\u00e4\u00b4s Machine Workshop","isPartOf":{"@id":"https:\/\/www.eskofinland.fi\/#website"},"datePublished":"2016-08-04T08:10:19+00:00","dateModified":"2021-05-14T06:56:48+00:00","description":"ESKO Finland Oy is a Finnish machine workshop. We are well known for our high quality products such as table saws, wheelbarrows and concrete mixers.","breadcrumb":{"@id":"https:\/\/www.eskofinland.fi\/en\/#breadcrumb"},"inLanguage":"en-US","potentialAction":[{"@type":"ReadAction","target":["https:\/\/www.eskofinland.fi\/en\/"]}]},{"@type":"BreadcrumbList","@id":"https:\/\/www.eskofinland.fi\/en\/#breadcrumb","itemListElement":[{"@type":"ListItem","position":1,"name":"Home","item":"https:\/\/www.eskofinland.fi\/en\/"},{"@type":"ListItem","position":2,"name":"Homepage"}]},{"@type":"WebSite","@id":"https:\/\/www.eskofinland.fi\/#website","url":"https:\/\/www.eskofinland.fi\/","name":"ESKO Finland Oy","description":"Ter&auml;ksist&auml; laatua vuodesta 1947","potentialAction":[{"@type":"SearchAction","target":{"@type":"EntryPoint","urlTemplate":"https:\/\/www.eskofinland.fi\/?s={search_term_string}"},"query-input":{"@type":"PropertyValueSpecification","valueRequired":true,"valueName":"search_term_string"}}],"inLanguage":"en-US"}]}},"_links":{"self":[{"href":"https:\/\/www.eskofinland.fi\/en\/wp-json\/wp\/v2\/pages\/152","targetHints":{"allow":["GET"]}}],"collection":[{"href":"https:\/\/www.eskofinland.fi\/en\/wp-json\/wp\/v2\/pages"}],"about":[{"href":"https:\/\/www.eskofinland.fi\/en\/wp-json\/wp\/v2\/types\/page"}],"author":[{"embeddable":true,"href":"https:\/\/www.eskofinland.fi\/en\/wp-json\/wp\/v2\/users\/1"}],"replies":[{"embeddable":true,"href":"https:\/\/www.eskofinland.fi\/en\/wp-json\/wp\/v2\/comments?post=152"}],"version-history":[{"count":2,"href":"https:\/\/www.eskofinland.fi\/en\/wp-json\/wp\/v2\/pages\/152\/revisions"}],"predecessor-version":[{"id":4831,"href":"https:\/\/www.eskofinland.fi\/en\/wp-json\/wp\/v2\/pages\/152\/revisions\/4831"}],"wp:attachment":[{"href":"https:\/\/www.eskofinland.fi\/en\/wp-json\/wp\/v2\/media?parent=152"}],"curies":[{"name":"wp","href":"https:\/\/api.w.org\/{rel}","templated":true}]}}