{"id":1285,"date":"2017-05-05T10:55:05","date_gmt":"2017-05-05T07:55:05","guid":{"rendered":"http:\/\/www.eskofinland.fi\/wp\/?page_id=1285\/"},"modified":"2020-05-25T08:12:15","modified_gmt":"2020-05-25T05:12:15","slug":"%d0%ba%d0%be%d0%bd%d1%82%d0%b0%d0%ba%d1%82%d0%bd%d0%b0%d1%8f-%d0%b8%d0%bd%d1%84%d0%be%d1%80%d0%bc%d0%b0%d1%86%d0%b8%d1%8f","status":"publish","type":"page","link":"https:\/\/www.eskofinland.fi\/ru\/%d0%ba%d0%be%d0%bd%d1%82%d0%b0%d0%ba%d1%82%d0%bd%d0%b0%d1%8f-%d0%b8%d0%bd%d1%84%d0%be%d1%80%d0%bc%d0%b0%d1%86%d0%b8%d1%8f\/","title":{"rendered":"\u043a\u043e\u043d\u0442\u0430\u043a\u0442\u043d\u0430\u044f \u0438\u043d\u0444\u043e\u0440\u043c\u0430\u0446\u0438\u044f"},"content":{"rendered":"[mk_page_section bg_stretch=&#187;true&#187; full_width=&#187;true&#187; top_shape_color=&#187;#ffffff&#187; bottom_shape_color=&#187;#ffffff&#187; sidebar=&#187;sidebar-1&#8243;][vc_column][mk_advanced_gmaps custom_markers=&#187;true&#187; latitude=&#187;60.710652&#8243; longitude=&#187;25.231273&#8243; address=&#187;Sarjalaite Oy&#187; content_bg_color=&#187;&#187; content_font_color=&#187;#ffffff&#187; height=&#187;500&#8243; map_zoom=&#187;7&#8243;][\/vc_column][\/mk_page_section][mk_page_section padding_top=&#187;50&#8243; padding_bottom=&#187;40&#8243; sidebar=&#187;sidebar-1&#8243;][vc_column width=&#187;1\/3&#8243;][vc_custom_heading text=&#187;\u041a\u043e\u043d\u0442\u0430\u043a\u0442\u043d\u044b\u0435 \u0434\u0430\u043d\u043d\u044b\u0435&#187; font_container=&#187;tag:p|font_size:24|text_align:left&#187; use_theme_fonts=&#187;yes&#187; css=&#187;.vc_custom_1538045768700{margin-bottom: 20px !important;}&#187;][vc_custom_heading text=&#187;\u041e\u0422\u0414\u0415\u041b \u041f\u0420\u041e\u0414\u0410\u0416&#187; font_container=&#187;tag:h2|font_size:16|text_align:left&#187; use_theme_fonts=&#187;yes&#187;][mk_contact_info email=&#187;myynti `{`at`}` eskofinland.fi&#187; address=&#187;+358 424 61 611&#8243; person=&#187;\u041f\u0440\u043e\u0434\u0443\u043a\u0446\u0438\u044f ESKO&#187;][\/vc_column][vc_column width=&#187;1\/3&#8243;][vc_empty_space height=&#187;60px&#187;][\/vc_column][vc_column width=&#187;1\/3&#8243;][vc_custom_heading text=&#187;Contact us&#187; font_container=&#187;tag:p|font_size:24|text_align:left&#187; use_theme_fonts=&#187;yes&#187; css=&#187;.vc_custom_1538045789286{margin-bottom: 20px !important;}&#187;][vc_column_text]\n<div class=\"wpcf7 no-js\" id=\"wpcf7-f572-o1\" lang=\"fi\" dir=\"ltr\" data-wpcf7-id=\"572\">\n<div class=\"screen-reader-response\"><p role=\"status\" aria-live=\"polite\" aria-atomic=\"true\"><\/p> <ul><\/ul><\/div>\n<form action=\"\/ru\/wp-json\/wp\/v2\/pages\/1285#wpcf7-f572-o1\" method=\"post\" class=\"wpcf7-form init wpcf7-acceptance-as-validation\" aria-label=\"Yhteydenottolomake\" novalidate=\"novalidate\" data-status=\"init\">\n<fieldset class=\"hidden-fields-container\"><input type=\"hidden\" name=\"_wpcf7\" value=\"572\" \/><input type=\"hidden\" name=\"_wpcf7_version\" value=\"6.1.5\" \/><input type=\"hidden\" name=\"_wpcf7_locale\" value=\"fi\" \/><input type=\"hidden\" name=\"_wpcf7_unit_tag\" value=\"wpcf7-f572-o1\" \/><input type=\"hidden\" name=\"_wpcf7_container_post\" value=\"0\" \/><input type=\"hidden\" name=\"_wpcf7_posted_data_hash\" value=\"\" \/>\n<\/fieldset>\n<p><label> Name<br \/>\n<span class=\"wpcf7-form-control-wrap\" data-name=\"your-name\"><input size=\"40\" maxlength=\"400\" class=\"wpcf7-form-control wpcf7-text wpcf7-validates-as-required\" aria-required=\"true\" aria-invalid=\"false\" value=\"\" type=\"text\" name=\"your-name\" \/><\/span> <\/label>\n<\/p>\n<p><label> Company<br \/>\n<span class=\"wpcf7-form-control-wrap\" data-name=\"yritys\"><input size=\"40\" maxlength=\"400\" class=\"wpcf7-form-control wpcf7-text\" aria-invalid=\"false\" value=\"\" type=\"text\" name=\"yritys\" \/><\/span> <\/label>\n<\/p>\n<p><label> Phone<br \/>\n<span class=\"wpcf7-form-control-wrap\" data-name=\"puhelin\"><input size=\"40\" maxlength=\"400\" class=\"wpcf7-form-control wpcf7-text wpcf7-validates-as-required\" aria-required=\"true\" aria-invalid=\"false\" value=\"\" type=\"text\" name=\"puhelin\" \/><\/span> <\/label>\n<\/p>\n<p><label> Mail<br \/>\n<span class=\"wpcf7-form-control-wrap\" data-name=\"your-email\"><input size=\"40\" maxlength=\"400\" class=\"wpcf7-form-control wpcf7-email wpcf7-validates-as-required wpcf7-text wpcf7-validates-as-email\" aria-required=\"true\" aria-invalid=\"false\" value=\"\" type=\"email\" name=\"your-email\" \/><\/span> <\/label>\n<\/p>\n<p><label> Message<br \/>\n<span class=\"wpcf7-form-control-wrap\" data-name=\"your-message\"><textarea cols=\"40\" rows=\"10\" maxlength=\"2000\" class=\"wpcf7-form-control wpcf7-textarea\" aria-invalid=\"false\" name=\"your-message\"><\/textarea><\/span> <\/label>\n<\/p>\n<p><span class=\"wpcf7-form-control-wrap\" data-name=\"cmplz-acceptance\"><span class=\"wpcf7-form-control wpcf7-acceptance\"><span class=\"wpcf7-list-item\"><label><input type=\"checkbox\" name=\"cmplz-acceptance\" value=\"1\" aria-invalid=\"false\" \/><span class=\"wpcf7-list-item-label\">L\u00e4hett\u00e4\u00e4ksesi t\u00e4m\u00e4n lomakkeen sinun on hyv\u00e4ksytt\u00e4v\u00e4 <a href=\"#?cmplz_region_redirect=true\">tietosuojalausuntomme<\/a><\/span><\/label><\/span><\/span><\/span>\n<\/p>\n<p><input class=\"wpcf7-form-control wpcf7-submit has-spinner\" type=\"submit\" value=\"Send\" \/>\n<\/p><div class=\"wpcf7-response-output\" aria-hidden=\"true\"><\/div>\n<\/form>\n<\/div>\n[\/vc_column_text][\/vc_column][\/mk_page_section]\n","protected":false},"excerpt":{"rendered":"<p>[mk_page_section bg_stretch=&#187;true&#187; full_width=&#187;true&#187; top_shape_color=&#187;#ffffff&#187; bottom_shape_color=&#187;#ffffff&#187; sidebar=&#187;sidebar-1&#8243;][vc_column][mk_advanced_gmaps custom_markers=&#187;true&#187; latitude=&#187;60.710652&#8243; longitude=&#187;25.231273&#8243; address=&#187;Sarjalaite Oy&#187; content_bg_color=&#187;&#187; content_font_color=&#187;#ffffff&#187; height=&#187;500&#8243; map_zoom=&#187;7&#8243;][\/vc_column][\/mk_page_section][mk_page_section padding_top=&#187;50&#8243; padding_bottom=&#187;40&#8243; sidebar=&#187;sidebar-1&#8243;][vc_column width=&#187;1\/3&#8243;][vc_custom_heading text=&#187;\u041a\u043e\u043d\u0442\u0430\u043a\u0442\u043d\u044b\u0435 \u0434\u0430\u043d\u043d\u044b\u0435&#187; font_container=&#187;tag:p|font_size:24|text_align:left&#187; use_theme_fonts=&#187;yes&#187; css=&#187;.vc_custom_1538045768700{margin-bottom: 20px !important;}&#187;][vc_custom_heading text=&#187;\u041e\u0422\u0414\u0415\u041b \u041f\u0420\u041e\u0414\u0410\u0416&#187; font_container=&#187;tag:h2|font_size:16|text_align:left&#187; use_theme_fonts=&#187;yes&#187;][mk_contact_info email=&#187;myynti `{`at`}` eskofinland.fi&#187; address=&#187;+358 424 61 611&#8243; person=&#187;\u041f\u0440\u043e\u0434\u0443\u043a\u0446\u0438\u044f ESKO&#187;][\/vc_column][vc_column width=&#187;1\/3&#8243;][vc_empty_space height=&#187;60px&#187;][\/vc_column][vc_column width=&#187;1\/3&#8243;][vc_custom_heading text=&#187;Contact us&#187; font_container=&#187;tag:p|font_size:24|text_align:left&#187; use_theme_fonts=&#187;yes&#187; css=&#187;.vc_custom_1538045789286{margin-bottom: 20px !important;}&#187;][vc_column_text][\/vc_column_text][\/vc_column][\/mk_page_section]<\/p>\n","protected":false},"author":1,"featured_media":0,"parent":0,"menu_order":0,"comment_status":"closed","ping_status":"closed","template":"","meta":{"footnotes":""},"class_list":["post-1285","page","type-page","status-publish","hentry"],"yoast_head":"<!-- This site is optimized with the Yoast SEO Premium plugin v26.2 (Yoast SEO v27.5) - https:\/\/yoast.com\/product\/yoast-seo-premium-wordpress\/ -->\n<title>\u043a\u043e\u043d\u0442\u0430\u043a\u0442\u043d\u0430\u044f \u0438\u043d\u0444\u043e\u0440\u043c\u0430\u0446\u0438\u044f - ESKO Finland Oy<\/title>\n<meta name=\"robots\" content=\"index, follow, max-snippet:-1, max-image-preview:large, max-video-preview:-1\" \/>\n<link rel=\"canonical\" href=\"https:\/\/www.eskofinland.fi\/ota-yhteytta\/\" \/>\n<meta property=\"og:locale\" content=\"ru_RU\" \/>\n<meta property=\"og:type\" content=\"article\" \/>\n<meta property=\"og:title\" content=\"\u043a\u043e\u043d\u0442\u0430\u043a\u0442\u043d\u0430\u044f \u0438\u043d\u0444\u043e\u0440\u043c\u0430\u0446\u0438\u044f\" \/>\n<meta property=\"og:description\" content=\"[mk_page_section bg_stretch=&#187;true&#187; full_width=&#187;true&#187; top_shape_color=&#187;#ffffff&#187; bottom_shape_color=&#187;#ffffff&#187; sidebar=&#187;sidebar-1&#8243;][vc_column][mk_advanced_gmaps custom_markers=&#187;true&#187; latitude=&#187;60.710652&#8243; longitude=&#187;25.231273&#8243; address=&#187;Sarjalaite Oy&#187; content_bg_color=&#187;&#187; content_font_color=&#187;#ffffff&#187; height=&#187;500&#8243; map_zoom=&#187;7&#8243;][\/vc_column][\/mk_page_section][mk_page_section padding_top=&#187;50&#8243; padding_bottom=&#187;40&#8243; sidebar=&#187;sidebar-1&#8243;][vc_column width=&#187;1\/3&#8243;][vc_custom_heading text=&#187;\u041a\u043e\u043d\u0442\u0430\u043a\u0442\u043d\u044b\u0435 \u0434\u0430\u043d\u043d\u044b\u0435&#187; font_container=&#187;tag:p|font_size:24|text_align:left&#187; use_theme_fonts=&#187;yes&#187; css=&#187;.vc_custom_1538045768700{margin-bottom: 20px !important;}&#187;][vc_custom_heading text=&#187;\u041e\u0422\u0414\u0415\u041b \u041f\u0420\u041e\u0414\u0410\u0416&#187; font_container=&#187;tag:h2|font_size:16|text_align:left&#187; use_theme_fonts=&#187;yes&#187;][mk_contact_info email=&#187;myynti `{`at`}` eskofinland.fi&#187; address=&#187;+358 424 61 611&#8243; person=&#187;\u041f\u0440\u043e\u0434\u0443\u043a\u0446\u0438\u044f ESKO&#187;][\/vc_column][vc_column width=&#187;1\/3&#8243;][vc_empty_space height=&#187;60px&#187;][\/vc_column][vc_column width=&#187;1\/3&#8243;][vc_custom_heading text=&#187;Contact us&#187; font_container=&#187;tag:p|font_size:24|text_align:left&#187; use_theme_fonts=&#187;yes&#187; css=&#187;.vc_custom_1538045789286{margin-bottom: 20px !important;}&#187;][vc_column_text][\/vc_column_text][\/vc_column][\/mk_page_section]\" \/>\n<meta property=\"og:url\" content=\"https:\/\/www.eskofinland.fi\/ota-yhteytta\/\" \/>\n<meta property=\"og:site_name\" content=\"ESKO Finland Oy\" \/>\n<meta property=\"article:modified_time\" content=\"2020-05-25T05:12:15+00:00\" \/>\n<meta name=\"twitter:card\" content=\"summary_large_image\" \/>\n<meta name=\"twitter:label1\" content=\"\u041f\u0440\u0438\u043c\u0435\u0440\u043d\u043e\u0435 \u0432\u0440\u0435\u043c\u044f \u0434\u043b\u044f \u0447\u0442\u0435\u043d\u0438\u044f\" \/>\n\t<meta name=\"twitter:data1\" content=\"1 \u043c\u0438\u043d\u0443\u0442\u0430\" \/>\n<script type=\"application\/ld+json\" class=\"yoast-schema-graph\">{\"@context\":\"https:\\\/\\\/schema.org\",\"@graph\":[{\"@type\":\"WebPage\",\"@id\":\"https:\\\/\\\/www.eskofinland.fi\\\/ota-yhteytta\\\/\",\"url\":\"https:\\\/\\\/www.eskofinland.fi\\\/ota-yhteytta\\\/\",\"name\":\"\u043a\u043e\u043d\u0442\u0430\u043a\u0442\u043d\u0430\u044f \u0438\u043d\u0444\u043e\u0440\u043c\u0430\u0446\u0438\u044f - ESKO Finland Oy\",\"isPartOf\":{\"@id\":\"https:\\\/\\\/www.eskofinland.fi\\\/#website\"},\"datePublished\":\"2017-05-05T07:55:05+00:00\",\"dateModified\":\"2020-05-25T05:12:15+00:00\",\"breadcrumb\":{\"@id\":\"https:\\\/\\\/www.eskofinland.fi\\\/ota-yhteytta\\\/#breadcrumb\"},\"inLanguage\":\"ru-RU\",\"potentialAction\":[{\"@type\":\"ReadAction\",\"target\":[\"https:\\\/\\\/www.eskofinland.fi\\\/ota-yhteytta\\\/\"]}]},{\"@type\":\"BreadcrumbList\",\"@id\":\"https:\\\/\\\/www.eskofinland.fi\\\/ota-yhteytta\\\/#breadcrumb\",\"itemListElement\":[{\"@type\":\"ListItem\",\"position\":1,\"name\":\"\u0413\u043b\u0430\u0432\u043d\u0430\u044f \u0441\u0442\u0440\u0430\u043d\u0438\u0446\u0430\",\"item\":\"https:\\\/\\\/www.eskofinland.fi\\\/ru\\\/\"},{\"@type\":\"ListItem\",\"position\":2,\"name\":\"\u043a\u043e\u043d\u0442\u0430\u043a\u0442\u043d\u0430\u044f \u0438\u043d\u0444\u043e\u0440\u043c\u0430\u0446\u0438\u044f\"}]},{\"@type\":\"WebSite\",\"@id\":\"https:\\\/\\\/www.eskofinland.fi\\\/#website\",\"url\":\"https:\\\/\\\/www.eskofinland.fi\\\/\",\"name\":\"ESKO Finland Oy\",\"description\":\"Ter&auml;ksist&auml; laatua vuodesta 1947\",\"potentialAction\":[{\"@type\":\"SearchAction\",\"target\":{\"@type\":\"EntryPoint\",\"urlTemplate\":\"https:\\\/\\\/www.eskofinland.fi\\\/?s={search_term_string}\"},\"query-input\":{\"@type\":\"PropertyValueSpecification\",\"valueRequired\":true,\"valueName\":\"search_term_string\"}}],\"inLanguage\":\"ru-RU\"}]}<\/script>\n<!-- \/ Yoast SEO Premium plugin. -->","yoast_head_json":{"title":"\u043a\u043e\u043d\u0442\u0430\u043a\u0442\u043d\u0430\u044f \u0438\u043d\u0444\u043e\u0440\u043c\u0430\u0446\u0438\u044f - ESKO Finland Oy","robots":{"index":"index","follow":"follow","max-snippet":"max-snippet:-1","max-image-preview":"max-image-preview:large","max-video-preview":"max-video-preview:-1"},"canonical":"https:\/\/www.eskofinland.fi\/ota-yhteytta\/","og_locale":"ru_RU","og_type":"article","og_title":"\u043a\u043e\u043d\u0442\u0430\u043a\u0442\u043d\u0430\u044f \u0438\u043d\u0444\u043e\u0440\u043c\u0430\u0446\u0438\u044f","og_description":"[mk_page_section bg_stretch=&#187;true&#187; full_width=&#187;true&#187; top_shape_color=&#187;#ffffff&#187; bottom_shape_color=&#187;#ffffff&#187; sidebar=&#187;sidebar-1&#8243;][vc_column][mk_advanced_gmaps custom_markers=&#187;true&#187; latitude=&#187;60.710652&#8243; longitude=&#187;25.231273&#8243; address=&#187;Sarjalaite Oy&#187; content_bg_color=&#187;&#187; content_font_color=&#187;#ffffff&#187; height=&#187;500&#8243; map_zoom=&#187;7&#8243;][\/vc_column][\/mk_page_section][mk_page_section padding_top=&#187;50&#8243; padding_bottom=&#187;40&#8243; sidebar=&#187;sidebar-1&#8243;][vc_column width=&#187;1\/3&#8243;][vc_custom_heading text=&#187;\u041a\u043e\u043d\u0442\u0430\u043a\u0442\u043d\u044b\u0435 \u0434\u0430\u043d\u043d\u044b\u0435&#187; font_container=&#187;tag:p|font_size:24|text_align:left&#187; use_theme_fonts=&#187;yes&#187; css=&#187;.vc_custom_1538045768700{margin-bottom: 20px !important;}&#187;][vc_custom_heading text=&#187;\u041e\u0422\u0414\u0415\u041b \u041f\u0420\u041e\u0414\u0410\u0416&#187; font_container=&#187;tag:h2|font_size:16|text_align:left&#187; use_theme_fonts=&#187;yes&#187;][mk_contact_info email=&#187;myynti `{`at`}` eskofinland.fi&#187; address=&#187;+358 424 61 611&#8243; person=&#187;\u041f\u0440\u043e\u0434\u0443\u043a\u0446\u0438\u044f ESKO&#187;][\/vc_column][vc_column width=&#187;1\/3&#8243;][vc_empty_space height=&#187;60px&#187;][\/vc_column][vc_column width=&#187;1\/3&#8243;][vc_custom_heading text=&#187;Contact us&#187; font_container=&#187;tag:p|font_size:24|text_align:left&#187; use_theme_fonts=&#187;yes&#187; css=&#187;.vc_custom_1538045789286{margin-bottom: 20px !important;}&#187;][vc_column_text][\/vc_column_text][\/vc_column][\/mk_page_section]","og_url":"https:\/\/www.eskofinland.fi\/ota-yhteytta\/","og_site_name":"ESKO Finland Oy","article_modified_time":"2020-05-25T05:12:15+00:00","twitter_card":"summary_large_image","twitter_misc":{"\u041f\u0440\u0438\u043c\u0435\u0440\u043d\u043e\u0435 \u0432\u0440\u0435\u043c\u044f \u0434\u043b\u044f \u0447\u0442\u0435\u043d\u0438\u044f":"1 \u043c\u0438\u043d\u0443\u0442\u0430"},"schema":{"@context":"https:\/\/schema.org","@graph":[{"@type":"WebPage","@id":"https:\/\/www.eskofinland.fi\/ota-yhteytta\/","url":"https:\/\/www.eskofinland.fi\/ota-yhteytta\/","name":"\u043a\u043e\u043d\u0442\u0430\u043a\u0442\u043d\u0430\u044f \u0438\u043d\u0444\u043e\u0440\u043c\u0430\u0446\u0438\u044f - ESKO Finland Oy","isPartOf":{"@id":"https:\/\/www.eskofinland.fi\/#website"},"datePublished":"2017-05-05T07:55:05+00:00","dateModified":"2020-05-25T05:12:15+00:00","breadcrumb":{"@id":"https:\/\/www.eskofinland.fi\/ota-yhteytta\/#breadcrumb"},"inLanguage":"ru-RU","potentialAction":[{"@type":"ReadAction","target":["https:\/\/www.eskofinland.fi\/ota-yhteytta\/"]}]},{"@type":"BreadcrumbList","@id":"https:\/\/www.eskofinland.fi\/ota-yhteytta\/#breadcrumb","itemListElement":[{"@type":"ListItem","position":1,"name":"\u0413\u043b\u0430\u0432\u043d\u0430\u044f \u0441\u0442\u0440\u0430\u043d\u0438\u0446\u0430","item":"https:\/\/www.eskofinland.fi\/ru\/"},{"@type":"ListItem","position":2,"name":"\u043a\u043e\u043d\u0442\u0430\u043a\u0442\u043d\u0430\u044f \u0438\u043d\u0444\u043e\u0440\u043c\u0430\u0446\u0438\u044f"}]},{"@type":"WebSite","@id":"https:\/\/www.eskofinland.fi\/#website","url":"https:\/\/www.eskofinland.fi\/","name":"ESKO Finland Oy","description":"Ter&auml;ksist&auml; laatua vuodesta 1947","potentialAction":[{"@type":"SearchAction","target":{"@type":"EntryPoint","urlTemplate":"https:\/\/www.eskofinland.fi\/?s={search_term_string}"},"query-input":{"@type":"PropertyValueSpecification","valueRequired":true,"valueName":"search_term_string"}}],"inLanguage":"ru-RU"}]}},"_links":{"self":[{"href":"https:\/\/www.eskofinland.fi\/ru\/wp-json\/wp\/v2\/pages\/1285","targetHints":{"allow":["GET"]}}],"collection":[{"href":"https:\/\/www.eskofinland.fi\/ru\/wp-json\/wp\/v2\/pages"}],"about":[{"href":"https:\/\/www.eskofinland.fi\/ru\/wp-json\/wp\/v2\/types\/page"}],"author":[{"embeddable":true,"href":"https:\/\/www.eskofinland.fi\/ru\/wp-json\/wp\/v2\/users\/1"}],"replies":[{"embeddable":true,"href":"https:\/\/www.eskofinland.fi\/ru\/wp-json\/wp\/v2\/comments?post=1285"}],"version-history":[{"count":0,"href":"https:\/\/www.eskofinland.fi\/ru\/wp-json\/wp\/v2\/pages\/1285\/revisions"}],"wp:attachment":[{"href":"https:\/\/www.eskofinland.fi\/ru\/wp-json\/wp\/v2\/media?parent=1285"}],"curies":[{"name":"wp","href":"https:\/\/api.w.org\/{rel}","templated":true}]}}