{"id":1374,"date":"2017-06-04T21:37:33","date_gmt":"2017-06-04T18:37:33","guid":{"rendered":"http:\/\/www.eskofinland.fi\/wp\/?page_id=1374\/"},"modified":"2023-02-06T11:00:30","modified_gmt":"2023-02-06T09:00:30","slug":"bordcirkelsag","status":"publish","type":"page","link":"https:\/\/www.eskofinland.fi\/sv\/produkter\/bordcirkelsag\/","title":{"rendered":"Bordcirkels\u00e5g"},"content":{"rendered":"<div class=\"wpb-content-wrapper\">[mk_page_section bg_image=&#8221;https:\/\/www.eskofinland.fi\/wp\/wp-content\/uploads\/2019\/10\/ban_sirkkeli.png&#8221; bg_stretch=&#8221;true&#8221; min_height=&#8221;400&#8243; section_id=&#8221;sirkkelit&#8221; sidebar=&#8221;sidebar-1&#8243;][vc_column][\/vc_column][\/mk_page_section][mk_page_section section_id=&#8221;esko-betonisekoitin-30-100-170&#8243; sidebar=&#8221;sidebar-1&#8243;][vc_column][mk_padding_divider][mk_fancy_title tag_name=&#8221;h1&#8243; size=&#8221;48&#8243; force_font_size=&#8221;true&#8221; size_smallscreen=&#8221;48&#8243; size_tablet=&#8221;30&#8243; size_phone=&#8221;30&#8243; font_family=&#8221;none&#8221; align=&#8221;center&#8221;]\n<h1 style=\"text-align: left;\">Bordcirkels\u00e5g<\/h1>\n[\/mk_fancy_title][vc_column_text css=&#8221;.vc_custom_1555482717467{margin-bottom: 0px !important;}&#8221;]Modeller:[\/vc_column_text][vc_row_inner][vc_column_inner width=&#8221;1\/5&#8243;][vc_single_image image=&#8221;3780&#8243; add_caption=&#8221;yes&#8221; alignment=&#8221;center&#8221; onclick=&#8221;custom_link&#8221; link=&#8221;#esko-RS-400-450&#8243;][\/vc_column_inner][vc_column_inner width=&#8221;1\/5&#8243;][\/vc_column_inner][vc_column_inner width=&#8221;1\/5&#8243;][\/vc_column_inner][vc_column_inner width=&#8221;1\/5&#8243;][\/vc_column_inner][vc_column_inner width=&#8221;1\/5&#8243;][\/vc_column_inner][\/vc_row_inner][mk_divider style=&#8221;thick_solid&#8221; border_color=&#8221;#000000&#8243;][\/vc_column][\/mk_page_section][mk_page_section section_id=&#8221;esko-RS-400-450&#8243; sidebar=&#8221;sidebar-1&#8243;][vc_column][mk_padding_divider][vc_custom_heading text=&#8221;BORDCIRKELS\u00c5G ESKO HEAVY RS 400\/450&#8243; use_theme_fonts=&#8221;yes&#8221;][vc_row_inner][vc_column_inner width=&#8221;1\/2&#8243;][vc_column_text css=&#8221;.vc_custom_1580806086838{margin-bottom: 0px !important;}&#8221;]<div class=\"MagicToolboxContainer aligncenter\"><a id=\"Zoom-4\" class=\"MagicZoom\" href=\"\/wp-content\/uploads\/2017\/01\/72001-esko-rs400_450.jpg\" data-options=\"zoomWidth: 570; textHoverZoomHint: Hover to zoom; textClickZoomHint: Klikkaa kuva suuremmaksi; textExpandHint: Klikkaa kuva suuremmaksi; textBtnClose: Sulje; textBtnNext: Seuraava; textBtnPrev: Edellinen;\"><img decoding=\"async\" class=\"aligncenter\" src=\"\/wp\/wp-content\/uploads\/2020\/02\/72001_rs450_se.png\" alt=\"72001_rakennussirkkeli_rs_400_450\" \/><\/a> <\/div><\/p>\n<div class=\"selectors\" style=\"text-align: center; margin-left: auto; margin-right: auto;\"><a style=\"float: left; display: inline-block !important;\" href=\"\/wp\/wp-content\/uploads\/2020\/02\/72001_rs450_se.png\" data-zoom-id=\"Zoom-4\" data-image=\"\/wp\/wp-content\/uploads\/2020\/02\/72001_rs450_se.png\"><br \/>\n<img loading=\"lazy\" decoding=\"async\" src=\"\/wp\/wp-content\/uploads\/2020\/02\/72001_rs450_se.png\" srcset=\"\/wp\/wp-content\/uploads\/2020\/02\/72001_rs450_se.png\" width=\"90\" height=\"90\" \/><\/a><a style=\"float: left; display: inline-block !important;\" href=\"\/wp-content\/uploads\/2016\/07\/62005_sirkkelin_purunpoistoyhde.jpg\" data-zoom-id=\"Zoom-4\" data-image=\"\/wp-content\/uploads\/2016\/07\/62005_sirkkelin_purunpoistoyhde?scale.height=335\"><br \/>\n<img loading=\"lazy\" decoding=\"async\" src=\"\/wp-content\/uploads\/2016\/07\/62005_sirkkelin_purunpoistoyhde_tb.jpg\" srcset=\"\/wp-content\/uploads\/2016\/07\/62005_sirkkelin_purunpoistoyhde_tb.jpg\" width=\"90\" height=\"90\" \/><br \/>\n<\/a><a style=\"float: left; display: inline-block !important;\" href=\"\/wp-content\/uploads\/2016\/07\/62007_sirkkelin_paatypoyta.jpg\" data-zoom-id=\"Zoom-4\" data-image=\"\/wp-content\/uploads\/2016\/07\/62007_sirkkelin_paatypoyta?scale.height=335\"><br \/>\n<img loading=\"lazy\" decoding=\"async\" src=\"\/wp-content\/uploads\/2016\/07\/62007_sirkkelin_paatypoyta_tb.jpg\" srcset=\"\/wp-content\/uploads\/2016\/07\/62007_sirkkelin_paatypoyta_tb.jpg\" width=\"90\" height=\"90\" \/><br \/>\n<\/a><a style=\"float: left; display: inline-block !important;\" href=\"\/wp-content\/uploads\/2017\/01\/62003-siirtopyrpaketti.jpg\" data-zoom-id=\"Zoom-4\" data-image=\"\/wp-content\/uploads\/2017\/01\/62003-siirtopyrpaketti.jpg?scale.height=335\"><img loading=\"lazy\" decoding=\"async\" src=\"\/wp-content\/uploads\/2017\/01\/62003-siirtopyrpaketti_tb.jpg\" srcset=\"\/wp-content\/uploads\/2017\/01\/62003-siirtopyrpaketti_tb.jpg\" width=\"90\" height=\"90\" \/><br \/>\n<\/a><a style=\"float: left; display: inline-block !important;\" href=\"\/wp-content\/uploads\/2016\/07\/62006_sirkkelin_sivupoyta.jpg\" data-zoom-id=\"Zoom-4\" data-image=\"\/wp-content\/uploads\/2016\/07\/62006_sirkkelin_sivupoyta.jpg?scale.height=335\"><br \/>\n<img loading=\"lazy\" decoding=\"async\" src=\"\/wp-content\/uploads\/2016\/07\/62006_sirkkelin_sivupoyta_tb.jpg\" srcset=\"\/wp-content\/uploads\/2016\/07\/62006_sirkkelin_sivupoyta_tb.jpg\" width=\"90\" height=\"90\" \/><br \/>\n<\/a><a style=\"float: left; display: inline-block !important;\" href=\"\/wp-content\/uploads\/2016\/07\/62015_sirkkelin_varaosaohjain.jpg\" data-zoom-id=\"Zoom-4\" data-image=\"\/wp-content\/uploads\/2016\/07\/62015_sirkkelin_varaosaohjain?scale.height=335\"><br \/>\n<img loading=\"lazy\" decoding=\"async\" src=\"\/wp-content\/uploads\/2016\/07\/62015_sirkkelin_varaosaohjain_tb.jpg\" srcset=\"\/wp-content\/uploads\/2016\/07\/62015_sirkkelin_varaosaohjain_tb.jpg\" width=\"90\" height=\"90\" \/><br \/>\n<\/a><\/div>\n[\/vc_column_text][\/vc_column_inner][vc_column_inner width=&#8221;1\/2&#8243;][mk_table]\n<table width=\"100%\">\n<thead>\n<tr>\n<th>TEKNISK INFORMATION<\/th>\n<\/tr>\n<\/thead>\n<tbody>\n<tr>\n<td>klingans storlek<\/td>\n<td>\u00d8 450 mm h\u00e5rdmetallklinga<\/td>\n<\/tr>\n<tr>\n<td>s\u00e5gningsh\u00f6jd<\/td>\n<td>\u00d8 450 = 120 mm<\/td>\n<\/tr>\n<tr>\n<td>motor<\/td>\n<td>4,0 (uttag 4,82) kW\/400V, 2800 r\/min, IP 54<\/td>\n<\/tr>\n<tr>\n<td>bordsyta<\/td>\n<td>725 x 1000 mm<\/td>\n<\/tr>\n<tr>\n<td>arbetsh\u00f6jd<\/td>\n<td>800 mm<\/td>\n<\/tr>\n<tr>\n<td>vikt<\/td>\n<td>109 kg<\/td>\n<\/tr>\n<\/tbody>\n<\/table>\n[\/mk_table][\/vc_column_inner][\/vc_row_inner][vc_column_text]\n<ul>\n<li>En stadig bordcirkels\u00e5g med effektiv motor <strong>f\u00f6r kr\u00e4vande professionellt bruk<\/strong>.<\/li>\n<li>Klingskydd av st\u00e5l och klyvkniv f\u00f6r maximal s\u00e4kerhet.<\/li>\n<li><strong>Styren f\u00f6r s\u00e5gning kan regleras<\/strong> och v\u00e4ndas \u00e5t sidan.<\/li>\n<li>F\u00e4rdiga st\u00f6d f\u00f6r f\u00e4stande av hj\u00e4lpbord.<\/li>\n<li>En h\u00e5rd metallklinga med stor diameter \u00e4r f\u00e4stad i motoraxeln och den \u00e4r l\u00e4tt att byta.<\/li>\n<li>Klingan stoppas tryggt med motorns <strong>elmagnetiska stopbrytare<\/strong>.<\/li>\n<li><strong>Extra tillbeh\u00f6r<\/strong> s\u00e5som p\u00e5 bilden.<\/li>\n<li>Eftersom kundservice och reservdelar \u00e4r tillg\u00e4ngliga i hemlandet best\u00e5r produktens v\u00e4rde.<\/li>\n<li>Produkten levereras f\u00e4rdigt monterad.<\/li>\n<li>Sidobord, bordsf\u00f6rl\u00e4ngning bak, extra styrenhet, paket f\u00f6r sjkutbarhet och avl\u00e4gsnade av s\u00e5gningsdamm s\u00e4ljs separat.<\/li>\n<\/ul>\n<h3>EXTRA TILLBEH\u00d6R<\/h3>\n<ul>\n<li>Sidobord: Bredd 600 mm, l\u00e4ngd 685 mm<\/li>\n<li>Bordsf\u00f6rl\u00e4ngning bak: Bredd 685 mm, l\u00e4ngd 530 mm<\/li>\n<li>Extra styrenhet: L = 730 mm, f\u00f6r bredare klyvning<\/li>\n<li>Paket f\u00f6r sjkutbarhet: inneh\u00e5ller separata hjul och handtag<\/li>\n<li>Avl\u00e4gsnade av s\u00e5gningsdamm: kopplingsstycke f\u00f6r sugapparat (\u00d8 100 mm)<\/li>\n<\/ul>\n[\/vc_column_text][mk_button dimension=&#8221;flat&#8221; corner_style=&#8221;rounded&#8221; size=&#8221;medium&#8221; url=&#8221;https:\/\/www.eskofinland.fi\/sv\/aterforsaljarna\/?lang=sv&#8221; el_class=&#8221;jalleenmyyjat-cta&#8221; bg_color=&#8221;#ff6a13&#8243; btn_hover_bg=&#8221;#000000&#8243;]Se \u00e5terf\u00f6rs\u00e4ljarna \u00bb[\/mk_button][\/vc_column][\/mk_page_section]\n<\/div>","protected":false},"excerpt":{"rendered":"<p>[mk_page_section bg_image=&#8221;https:\/\/www.eskofinland.fi\/wp\/wp-content\/uploads\/2019\/10\/ban_sirkkeli.png&#8221; bg_stretch=&#8221;true&#8221; min_height=&#8221;400&#8243; section_id=&#8221;sirkkelit&#8221; sidebar=&#8221;sidebar-1&#8243;][vc_column][\/vc_column][\/mk_page_section][mk_page_section section_id=&#8221;esko-betonisekoitin-30-100-170&#8243; sidebar=&#8221;sidebar-1&#8243;][vc_column][mk_padding_divider][mk_fancy_title tag_name=&#8221;h1&#8243; size=&#8221;48&#8243; force_font_size=&#8221;true&#8221; size_smallscreen=&#8221;48&#8243; size_tablet=&#8221;30&#8243; size_phone=&#8221;30&#8243; font_family=&#8221;none&#8221; align=&#8221;center&#8221;] Bordcirkels\u00e5g [\/mk_fancy_title][vc_column_text css=&#8221;.vc_custom_1555482717467{margin-bottom: 0px !important;}&#8221;]Modeller:[\/vc_column_text][vc_row_inner][vc_column_inner width=&#8221;1\/5&#8243;][vc_single_image image=&#8221;3780&#8243; add_caption=&#8221;yes&#8221; alignment=&#8221;center&#8221; onclick=&#8221;custom_link&#8221; link=&#8221;#esko-RS-400-450&#8243;][\/vc_column_inner][vc_column_inner width=&#8221;1\/5&#8243;][\/vc_column_inner][vc_column_inner width=&#8221;1\/5&#8243;][\/vc_column_inner][vc_column_inner width=&#8221;1\/5&#8243;][\/vc_column_inner][vc_column_inner width=&#8221;1\/5&#8243;][\/vc_column_inner][\/vc_row_inner][mk_divider style=&#8221;thick_solid&#8221; border_color=&#8221;#000000&#8243;][\/vc_column][\/mk_page_section][mk_page_section section_id=&#8221;esko-RS-400-450&#8243; sidebar=&#8221;sidebar-1&#8243;][vc_column][mk_padding_divider][vc_custom_heading text=&#8221;BORDCIRKELS\u00c5G ESKO HEAVY RS 400\/450&#8243; use_theme_fonts=&#8221;yes&#8221;][vc_row_inner][vc_column_inner width=&#8221;1\/2&#8243;][vc_column_text css=&#8221;.vc_custom_1580806086838{margin-bottom: 0px !important;}&#8221;] [\/vc_column_text][\/vc_column_inner][vc_column_inner width=&#8221;1\/2&#8243;][mk_table] TEKNISK INFORMATION klingans storlek \u00d8 450 mm h\u00e5rdmetallklinga [&hellip;]<\/p>\n","protected":false},"author":1,"featured_media":0,"parent":611,"menu_order":0,"comment_status":"closed","ping_status":"closed","template":"","meta":{"footnotes":""},"class_list":["post-1374","page","type-page","status-publish","hentry"],"yoast_head":"<!-- This site is optimized with the Yoast SEO Premium plugin v26.2 (Yoast SEO v27.5) - https:\/\/yoast.com\/product\/yoast-seo-premium-wordpress\/ -->\n<title>ESKO bordcirkels\u00e5g\u2013 H\u00f6g kvalitet \u2013 ESKO Finland Oy<\/title>\n<meta name=\"robots\" content=\"index, follow, max-snippet:-1, max-image-preview:large, max-video-preview:-1\" \/>\n<link rel=\"canonical\" href=\"https:\/\/www.eskofinland.fi\/tuotteet\/sirkkelit\/\" \/>\n<meta property=\"og:locale\" content=\"sv_SE\" \/>\n<meta property=\"og:type\" content=\"article\" \/>\n<meta property=\"og:title\" content=\"Bordcirkels\u00e5g\" \/>\n<meta property=\"og:description\" content=\"[mk_page_section bg_image=&#8221;https:\/\/www.eskofinland.fi\/wp\/wp-content\/uploads\/2019\/10\/ban_sirkkeli.png&#8221; bg_stretch=&#8221;true&#8221; min_height=&#8221;400&#8243; section_id=&#8221;sirkkelit&#8221; sidebar=&#8221;sidebar-1&#8243;][vc_column][\/vc_column][\/mk_page_section][mk_page_section section_id=&#8221;esko-betonisekoitin-30-100-170&#8243; sidebar=&#8221;sidebar-1&#8243;][vc_column][mk_padding_divider][mk_fancy_title tag_name=&#8221;h1&#8243; size=&#8221;48&#8243; force_font_size=&#8221;true&#8221; size_smallscreen=&#8221;48&#8243; size_tablet=&#8221;30&#8243; size_phone=&#8221;30&#8243; font_family=&#8221;none&#8221; align=&#8221;center&#8221;] Bordcirkels\u00e5g [\/mk_fancy_title][vc_column_text css=&#8221;.vc_custom_1555482717467{margin-bottom: 0px !important;}&#8221;]Modeller:[\/vc_column_text][vc_row_inner][vc_column_inner width=&#8221;1\/5&#8243;][vc_single_image image=&#8221;3780&#8243; add_caption=&#8221;yes&#8221; alignment=&#8221;center&#8221; onclick=&#8221;custom_link&#8221; link=&#8221;#esko-RS-400-450&#8243;][\/vc_column_inner][vc_column_inner width=&#8221;1\/5&#8243;][\/vc_column_inner][vc_column_inner width=&#8221;1\/5&#8243;][\/vc_column_inner][vc_column_inner width=&#8221;1\/5&#8243;][\/vc_column_inner][vc_column_inner width=&#8221;1\/5&#8243;][\/vc_column_inner][\/vc_row_inner][mk_divider style=&#8221;thick_solid&#8221; border_color=&#8221;#000000&#8243;][\/vc_column][\/mk_page_section][mk_page_section section_id=&#8221;esko-RS-400-450&#8243; sidebar=&#8221;sidebar-1&#8243;][vc_column][mk_padding_divider][vc_custom_heading text=&#8221;BORDCIRKELS\u00c5G ESKO HEAVY RS 400\/450&#8243; use_theme_fonts=&#8221;yes&#8221;][vc_row_inner][vc_column_inner width=&#8221;1\/2&#8243;][vc_column_text css=&#8221;.vc_custom_1580806086838{margin-bottom: 0px !important;}&#8221;] [\/vc_column_text][\/vc_column_inner][vc_column_inner width=&#8221;1\/2&#8243;][mk_table] TEKNISK INFORMATION klingans storlek \u00d8 450 mm h\u00e5rdmetallklinga [&hellip;]\" \/>\n<meta property=\"og:url\" content=\"https:\/\/www.eskofinland.fi\/tuotteet\/sirkkelit\/\" \/>\n<meta property=\"og:site_name\" content=\"ESKO Finland Oy\" \/>\n<meta property=\"article:modified_time\" content=\"2023-02-06T09:00:30+00:00\" \/>\n<meta name=\"twitter:card\" content=\"summary_large_image\" \/>\n<meta name=\"twitter:label1\" content=\"Ber\u00e4knad l\u00e4stid\" \/>\n\t<meta name=\"twitter:data1\" content=\"2 minuter\" \/>\n<script type=\"application\/ld+json\" class=\"yoast-schema-graph\">{\"@context\":\"https:\\\/\\\/schema.org\",\"@graph\":[{\"@type\":\"WebPage\",\"@id\":\"https:\\\/\\\/www.eskofinland.fi\\\/tuotteet\\\/sirkkelit\\\/\",\"url\":\"https:\\\/\\\/www.eskofinland.fi\\\/tuotteet\\\/sirkkelit\\\/\",\"name\":\"ESKO bordcirkels\u00e5g\u2013 H\u00f6g kvalitet \u2013 ESKO Finland Oy\",\"isPartOf\":{\"@id\":\"https:\\\/\\\/www.eskofinland.fi\\\/#website\"},\"datePublished\":\"2017-06-04T18:37:33+00:00\",\"dateModified\":\"2023-02-06T09:00:30+00:00\",\"breadcrumb\":{\"@id\":\"https:\\\/\\\/www.eskofinland.fi\\\/tuotteet\\\/sirkkelit\\\/#breadcrumb\"},\"inLanguage\":\"sv-SE\",\"potentialAction\":[{\"@type\":\"ReadAction\",\"target\":[\"https:\\\/\\\/www.eskofinland.fi\\\/tuotteet\\\/sirkkelit\\\/\"]}]},{\"@type\":\"BreadcrumbList\",\"@id\":\"https:\\\/\\\/www.eskofinland.fi\\\/tuotteet\\\/sirkkelit\\\/#breadcrumb\",\"itemListElement\":[{\"@type\":\"ListItem\",\"position\":1,\"name\":\"Hem\",\"item\":\"https:\\\/\\\/www.eskofinland.fi\\\/sv\\\/\"},{\"@type\":\"ListItem\",\"position\":2,\"name\":\"Produkter\",\"item\":\"https:\\\/\\\/www.eskofinland.fi\\\/tuotteet\\\/\"},{\"@type\":\"ListItem\",\"position\":3,\"name\":\"Bordcirkels\u00e5g\"}]},{\"@type\":\"WebSite\",\"@id\":\"https:\\\/\\\/www.eskofinland.fi\\\/#website\",\"url\":\"https:\\\/\\\/www.eskofinland.fi\\\/\",\"name\":\"ESKO Finland Oy\",\"description\":\"Ter&auml;ksist&auml; laatua vuodesta 1947\",\"potentialAction\":[{\"@type\":\"SearchAction\",\"target\":{\"@type\":\"EntryPoint\",\"urlTemplate\":\"https:\\\/\\\/www.eskofinland.fi\\\/?s={search_term_string}\"},\"query-input\":{\"@type\":\"PropertyValueSpecification\",\"valueRequired\":true,\"valueName\":\"search_term_string\"}}],\"inLanguage\":\"sv-SE\"}]}<\/script>\n<!-- \/ Yoast SEO Premium plugin. -->","yoast_head_json":{"title":"ESKO bordcirkels\u00e5g\u2013 H\u00f6g kvalitet \u2013 ESKO Finland Oy","robots":{"index":"index","follow":"follow","max-snippet":"max-snippet:-1","max-image-preview":"max-image-preview:large","max-video-preview":"max-video-preview:-1"},"canonical":"https:\/\/www.eskofinland.fi\/tuotteet\/sirkkelit\/","og_locale":"sv_SE","og_type":"article","og_title":"Bordcirkels\u00e5g","og_description":"[mk_page_section bg_image=&#8221;https:\/\/www.eskofinland.fi\/wp\/wp-content\/uploads\/2019\/10\/ban_sirkkeli.png&#8221; bg_stretch=&#8221;true&#8221; min_height=&#8221;400&#8243; section_id=&#8221;sirkkelit&#8221; sidebar=&#8221;sidebar-1&#8243;][vc_column][\/vc_column][\/mk_page_section][mk_page_section section_id=&#8221;esko-betonisekoitin-30-100-170&#8243; sidebar=&#8221;sidebar-1&#8243;][vc_column][mk_padding_divider][mk_fancy_title tag_name=&#8221;h1&#8243; size=&#8221;48&#8243; force_font_size=&#8221;true&#8221; size_smallscreen=&#8221;48&#8243; size_tablet=&#8221;30&#8243; size_phone=&#8221;30&#8243; font_family=&#8221;none&#8221; align=&#8221;center&#8221;] Bordcirkels\u00e5g [\/mk_fancy_title][vc_column_text css=&#8221;.vc_custom_1555482717467{margin-bottom: 0px !important;}&#8221;]Modeller:[\/vc_column_text][vc_row_inner][vc_column_inner width=&#8221;1\/5&#8243;][vc_single_image image=&#8221;3780&#8243; add_caption=&#8221;yes&#8221; alignment=&#8221;center&#8221; onclick=&#8221;custom_link&#8221; link=&#8221;#esko-RS-400-450&#8243;][\/vc_column_inner][vc_column_inner width=&#8221;1\/5&#8243;][\/vc_column_inner][vc_column_inner width=&#8221;1\/5&#8243;][\/vc_column_inner][vc_column_inner width=&#8221;1\/5&#8243;][\/vc_column_inner][vc_column_inner width=&#8221;1\/5&#8243;][\/vc_column_inner][\/vc_row_inner][mk_divider style=&#8221;thick_solid&#8221; border_color=&#8221;#000000&#8243;][\/vc_column][\/mk_page_section][mk_page_section section_id=&#8221;esko-RS-400-450&#8243; sidebar=&#8221;sidebar-1&#8243;][vc_column][mk_padding_divider][vc_custom_heading text=&#8221;BORDCIRKELS\u00c5G ESKO HEAVY RS 400\/450&#8243; use_theme_fonts=&#8221;yes&#8221;][vc_row_inner][vc_column_inner width=&#8221;1\/2&#8243;][vc_column_text css=&#8221;.vc_custom_1580806086838{margin-bottom: 0px !important;}&#8221;] [\/vc_column_text][\/vc_column_inner][vc_column_inner width=&#8221;1\/2&#8243;][mk_table] TEKNISK INFORMATION klingans storlek \u00d8 450 mm h\u00e5rdmetallklinga [&hellip;]","og_url":"https:\/\/www.eskofinland.fi\/tuotteet\/sirkkelit\/","og_site_name":"ESKO Finland Oy","article_modified_time":"2023-02-06T09:00:30+00:00","twitter_card":"summary_large_image","twitter_misc":{"Ber\u00e4knad l\u00e4stid":"2 minuter"},"schema":{"@context":"https:\/\/schema.org","@graph":[{"@type":"WebPage","@id":"https:\/\/www.eskofinland.fi\/tuotteet\/sirkkelit\/","url":"https:\/\/www.eskofinland.fi\/tuotteet\/sirkkelit\/","name":"ESKO bordcirkels\u00e5g\u2013 H\u00f6g kvalitet \u2013 ESKO Finland Oy","isPartOf":{"@id":"https:\/\/www.eskofinland.fi\/#website"},"datePublished":"2017-06-04T18:37:33+00:00","dateModified":"2023-02-06T09:00:30+00:00","breadcrumb":{"@id":"https:\/\/www.eskofinland.fi\/tuotteet\/sirkkelit\/#breadcrumb"},"inLanguage":"sv-SE","potentialAction":[{"@type":"ReadAction","target":["https:\/\/www.eskofinland.fi\/tuotteet\/sirkkelit\/"]}]},{"@type":"BreadcrumbList","@id":"https:\/\/www.eskofinland.fi\/tuotteet\/sirkkelit\/#breadcrumb","itemListElement":[{"@type":"ListItem","position":1,"name":"Hem","item":"https:\/\/www.eskofinland.fi\/sv\/"},{"@type":"ListItem","position":2,"name":"Produkter","item":"https:\/\/www.eskofinland.fi\/tuotteet\/"},{"@type":"ListItem","position":3,"name":"Bordcirkels\u00e5g"}]},{"@type":"WebSite","@id":"https:\/\/www.eskofinland.fi\/#website","url":"https:\/\/www.eskofinland.fi\/","name":"ESKO Finland Oy","description":"Ter&auml;ksist&auml; laatua vuodesta 1947","potentialAction":[{"@type":"SearchAction","target":{"@type":"EntryPoint","urlTemplate":"https:\/\/www.eskofinland.fi\/?s={search_term_string}"},"query-input":{"@type":"PropertyValueSpecification","valueRequired":true,"valueName":"search_term_string"}}],"inLanguage":"sv-SE"}]}},"_links":{"self":[{"href":"https:\/\/www.eskofinland.fi\/sv\/wp-json\/wp\/v2\/pages\/1374","targetHints":{"allow":["GET"]}}],"collection":[{"href":"https:\/\/www.eskofinland.fi\/sv\/wp-json\/wp\/v2\/pages"}],"about":[{"href":"https:\/\/www.eskofinland.fi\/sv\/wp-json\/wp\/v2\/types\/page"}],"author":[{"embeddable":true,"href":"https:\/\/www.eskofinland.fi\/sv\/wp-json\/wp\/v2\/users\/1"}],"replies":[{"embeddable":true,"href":"https:\/\/www.eskofinland.fi\/sv\/wp-json\/wp\/v2\/comments?post=1374"}],"version-history":[{"count":1,"href":"https:\/\/www.eskofinland.fi\/sv\/wp-json\/wp\/v2\/pages\/1374\/revisions"}],"predecessor-version":[{"id":5074,"href":"https:\/\/www.eskofinland.fi\/sv\/wp-json\/wp\/v2\/pages\/1374\/revisions\/5074"}],"up":[{"embeddable":true,"href":"https:\/\/www.eskofinland.fi\/sv\/wp-json\/wp\/v2\/pages\/611"}],"wp:attachment":[{"href":"https:\/\/www.eskofinland.fi\/sv\/wp-json\/wp\/v2\/media?parent=1374"}],"curies":[{"name":"wp","href":"https:\/\/api.w.org\/{rel}","templated":true}]}}