{"id":1385,"date":"2017-06-04T21:44:18","date_gmt":"2017-06-04T18:44:18","guid":{"rendered":"http:\/\/www.eskofinland.fi\/wp\/?page_id=1385\/"},"modified":"2024-07-15T15:56:27","modified_gmt":"2024-07-15T12:56:27","slug":"magasinkarror","status":"publish","type":"page","link":"https:\/\/www.eskofinland.fi\/sv\/produkter\/magasinkarror\/","title":{"rendered":"Magasink\u00e4rror"},"content":{"rendered":"<div class=\"wpb-content-wrapper\">[mk_page_section bg_image=&#8221;https:\/\/www.eskofinland.fi\/wp\/wp-content\/uploads\/2024\/07\/nokkakarryt-ja-lavavaunu-ylakuva-kopio-scaled.jpg&#8221; bg_position=&#8221;center center&#8221; bg_stretch=&#8221;true&#8221; min_height=&#8221;400&#8243; section_id=&#8221;varasto&#8221; sidebar=&#8221;sidebar-1&#8243;][vc_column][\/vc_column][\/mk_page_section][mk_page_section section_id=&#8221;esko-betonisekoitin-30-100-170&#8243; sidebar=&#8221;sidebar-1&#8243;][vc_column][mk_padding_divider][mk_fancy_title tag_name=&#8221;h1&#8243; size=&#8221;48&#8243; force_font_size=&#8221;true&#8221; size_smallscreen=&#8221;48&#8243; size_tablet=&#8221;30&#8243; size_phone=&#8221;30&#8243; font_family=&#8221;none&#8221; align=&#8221;center&#8221;]\n<h1 style=\"text-align: left;\">Magasink\u00e4rror<\/h1>\n[\/mk_fancy_title][vc_column_text css=&#8221;.vc_custom_1555482717467{margin-bottom: 0px !important;}&#8221;]Modeller:[\/vc_column_text][vc_row_inner][vc_column_inner width=&#8221;1\/5&#8243;][vc_single_image image=&#8221;3770&#8243; add_caption=&#8221;yes&#8221; alignment=&#8221;center&#8221; onclick=&#8221;custom_link&#8221; link=&#8221;#esko-500&#8243;][\/vc_column_inner][vc_column_inner width=&#8221;1\/5&#8243;][vc_single_image image=&#8221;4798&#8243; add_caption=&#8221;yes&#8221; alignment=&#8221;center&#8221; onclick=&#8221;custom_link&#8221; link=&#8221;#sl-200-skkl&#8221;][\/vc_column_inner][vc_column_inner width=&#8221;1\/5&#8243;][\/vc_column_inner][vc_column_inner width=&#8221;1\/5&#8243;][\/vc_column_inner][vc_column_inner width=&#8221;1\/5&#8243;][\/vc_column_inner][\/vc_row_inner][mk_divider style=&#8221;thick_solid&#8221; border_color=&#8221;#000000&#8243;][\/vc_column][\/mk_page_section][mk_page_section section_id=&#8221;esko-500&#8243; sidebar=&#8221;sidebar-1&#8243;][vc_column][mk_padding_divider][vc_custom_heading text=&#8221;MAGASINK\u00c4RRA ESKO HEAVY 500&#8243; use_theme_fonts=&#8221;yes&#8221;][vc_row_inner][vc_column_inner width=&#8221;1\/2&#8243;][vc_single_image image=&#8221;3770&#8243; img_size=&#8221;500&#215;500&#8243;][vc_column_text css=&#8221;.vc_custom_1584947117554{margin-bottom: 0px !important;}&#8221;]\n<ul>\n<li>Stadig<strong> allm\u00e4nk\u00e4rra<\/strong> svetsad av st\u00e5lr\u00f6r.<\/li>\n<li>Fast lastgavel och f\u00e4llbar lastr\u00f6skel, som kan l\u00e5sas i \u00f6vre st\u00e4llning.<\/li>\n<li><strong>L\u00e5ng lastgavel<\/strong> g\u00f6r det m\u00f6jligt att k\u00f6ra lasten ocks\u00e5 utan tr\u00f6skeln.<\/li>\n<li>Det finns <strong>s\u00e4rskilda plastskydd i ramen<\/strong> f\u00f6r att hindra skador p\u00e5 ytor i produkter som transporteras.<\/li>\n<li>Det finns <strong>en l\u00e5da f\u00f6r verktyg och tillbeh\u00f6r<\/strong>. P\u00e5 l\u00e5dan har man h\u00e5l f\u00f6r att f\u00f6renkla knytning av lasten med snodd.<\/li>\n<li>Pulverm\u00e5lad.<\/li>\n<li>Hjul med st\u00e5lf\u00e4lg.<\/li>\n<li>Hjul med innerslang h\u00e5ller luften och \u00e4r l\u00e4tt att fylla.<\/li>\n<li>\u00c4r ocks\u00e5 tillg\u00e4nglig med <strong>polyuretanhjul som \u00e4r punkteringsfria<\/strong>.<\/li>\n<li>Produkten levereras f\u00e4rdigt monterad.<\/li>\n<\/ul>\n[\/vc_column_text][mk_button dimension=&#8221;flat&#8221; corner_style=&#8221;rounded&#8221; size=&#8221;medium&#8221; url=&#8221;https:\/\/www.eskofinland.fi\/sv\/aterforsaljarna\/?lang=sv&#8221; el_class=&#8221;jalleenmyyjat-cta&#8221; bg_color=&#8221;#ff6a13&#8243; btn_hover_bg=&#8221;#000000&#8243;]Se \u00e5terf\u00f6rs\u00e4ljarna \u00bb[\/mk_button][\/vc_column_inner][vc_column_inner width=&#8221;1\/2&#8243;][mk_table]\n<table width=\"100%\">\n<thead>\n<tr>\n<th>TEKNISK INFORMATION<\/th>\n<\/tr>\n<\/thead>\n<tbody>\n<tr>\n<td>max last<\/td>\n<td>300 kg<\/td>\n<\/tr>\n<tr>\n<td>l\u00e4ngd<\/td>\n<td>1260 mm<\/td>\n<\/tr>\n<tr>\n<td>bredd<\/td>\n<td>510 mm<\/td>\n<\/tr>\n<tr>\n<td>lastgavel<\/td>\n<td>l\u00e4ngd 170 mm, bredd 430 mm<\/td>\n<\/tr>\n<tr>\n<td>lastr\u00f6skel<\/td>\n<td>l\u00e4ngd 485 mm, bredd 360 mm<\/td>\n<\/tr>\n<tr>\n<td>hjul<\/td>\n<td>IK-260 x 85 \/ \u00d8 20 \/ 4 PLY<\/td>\n<\/tr>\n<tr>\n<td><\/td>\n<td>SKKL-260 x 85 \/ \u00d8 20<\/td>\n<\/tr>\n<tr>\n<td>sp\u00e5rvidd<\/td>\n<td>420 mm<\/td>\n<\/tr>\n<tr>\n<td>vikt<\/td>\n<td>17-18 kg (beroende p\u00e5 d\u00e4cket)<\/td>\n<\/tr>\n<\/tbody>\n<\/table>\n<p>&nbsp;<\/p>\n<p>HJULF\u00d6RKORTNINGAR<\/p>\n<table width=\"100%\">\n<thead><\/thead>\n<tbody>\n<tr>\n<td>IK<\/td>\n<td>luftgummihjul med innerslang och kullager<\/td>\n<\/tr>\n<tr>\n<td>SKKL<\/td>\n<td>polyuretanhjul med kullager<\/td>\n<\/tr>\n<tr>\n<td>4 PLY<\/td>\n<td>fyrfaldigt tyg<\/td>\n<\/tr>\n<\/tbody>\n<\/table>\n[\/mk_table][\/vc_column_inner][\/vc_row_inner][\/vc_column][\/mk_page_section][mk_page_section padding_top=&#8221;20&#8243; section_id=&#8221;sl-200-skkl&#8221; sidebar=&#8221;sidebar-1&#8243;][vc_column][mk_padding_divider][vc_custom_heading text=&#8221;MAGASINK\u00c4RRA ESKO SL 200 SKKL&#8221; use_theme_fonts=&#8221;yes&#8221;][vc_row_inner][vc_column_inner width=&#8221;1\/2&#8243;][vc_single_image image=&#8221;4798&#8243; img_size=&#8221;500&#215;500&#8243;][vc_column_text css=&#8221;.vc_custom_1580889049091{margin-bottom: 0px !important;}&#8221;]\n<ul>\n<li>Stadig<strong> allm\u00e4nk\u00e4rra<\/strong> svetsad av st\u00e5lr\u00f6r.<\/li>\n<li>Fast lastgavel och f\u00e4llbar lastr\u00f6skel, som kan l\u00e5sas i \u00f6vre st\u00e4llning.<\/li>\n<li><strong>L\u00e5ng lastgavel<\/strong> g\u00f6r det m\u00f6jligt att k\u00f6ra lasten ocks\u00e5 utan tr\u00f6skeln.<\/li>\n<li>Pulverm\u00e5lad.<\/li>\n<li>Hjul med st\u00e5lf\u00e4lg.<\/li>\n<li><strong>Polyuretanhjul som \u00e4r punkteringsfria<\/strong>.<\/li>\n<li>Produkten levereras f\u00e4rdigt monterad.<\/li>\n<\/ul>\n[\/vc_column_text][mk_button dimension=&#8221;flat&#8221; corner_style=&#8221;rounded&#8221; size=&#8221;medium&#8221; url=&#8221;https:\/\/www.eskofinland.fi\/sv\/aterforsaljarna\/?lang=sv&#8221; el_class=&#8221;jalleenmyyjat-cta&#8221; bg_color=&#8221;#ff6a13&#8243; btn_hover_bg=&#8221;#000000&#8243;]Se \u00e5terf\u00f6rs\u00e4ljarna \u00bb[\/mk_button][\/vc_column_inner][vc_column_inner width=&#8221;1\/2&#8243;][mk_table]\n<table width=\"100%\">\n<thead>\n<tr>\n<th>TEKNISK INFORMATION<\/th>\n<\/tr>\n<\/thead>\n<tbody>\n<tr>\n<td>max last<\/td>\n<td>250 kg<\/td>\n<\/tr>\n<tr>\n<td>l\u00e4ngd<\/td>\n<td>1110 mm<\/td>\n<\/tr>\n<tr>\n<td>bredd<\/td>\n<td>560 mm<\/td>\n<\/tr>\n<tr>\n<td>lastgavel<\/td>\n<td>l\u00e4ngd 165 mm, bredd 410 mm<\/td>\n<\/tr>\n<tr>\n<td>lastr\u00f6skel<\/td>\n<td>l\u00e4ngd 520 mm, bredd 340 mm<\/td>\n<\/tr>\n<tr>\n<td>hjul<\/td>\n<td>SKKL-260 x 85 \/ \u00d8 20<\/td>\n<\/tr>\n<tr>\n<td>sp\u00e5rvidd<\/td>\n<td>450 mm<\/td>\n<\/tr>\n<tr>\n<td>vikt<\/td>\n<td>14 kg<\/td>\n<\/tr>\n<\/tbody>\n<\/table>\n<p>&nbsp;<\/p>\n<p>HJULF\u00d6RKORTNINGAR<\/p>\n<table width=\"100%\">\n<thead><\/thead>\n<tbody>\n<tr>\n<td>SKKL<\/td>\n<td>polyuretanhjul med kullager<\/td>\n<\/tr>\n<\/tbody>\n<\/table>\n[\/mk_table][\/vc_column_inner][\/vc_row_inner][vc_column_text][\/vc_column_text][\/vc_column][\/mk_page_section]\n<\/div>","protected":false},"excerpt":{"rendered":"<p>[mk_page_section bg_image=&#8221;https:\/\/www.eskofinland.fi\/wp\/wp-content\/uploads\/2024\/07\/nokkakarryt-ja-lavavaunu-ylakuva-kopio-scaled.jpg&#8221; bg_position=&#8221;center center&#8221; bg_stretch=&#8221;true&#8221; min_height=&#8221;400&#8243; section_id=&#8221;varasto&#8221; sidebar=&#8221;sidebar-1&#8243;][vc_column][\/vc_column][\/mk_page_section][mk_page_section section_id=&#8221;esko-betonisekoitin-30-100-170&#8243; sidebar=&#8221;sidebar-1&#8243;][vc_column][mk_padding_divider][mk_fancy_title tag_name=&#8221;h1&#8243; size=&#8221;48&#8243; force_font_size=&#8221;true&#8221; size_smallscreen=&#8221;48&#8243; size_tablet=&#8221;30&#8243; size_phone=&#8221;30&#8243; font_family=&#8221;none&#8221; align=&#8221;center&#8221;] Magasink\u00e4rror [\/mk_fancy_title][vc_column_text css=&#8221;.vc_custom_1555482717467{margin-bottom: 0px !important;}&#8221;]Modeller:[\/vc_column_text][vc_row_inner][vc_column_inner width=&#8221;1\/5&#8243;][vc_single_image image=&#8221;3770&#8243; add_caption=&#8221;yes&#8221; alignment=&#8221;center&#8221; onclick=&#8221;custom_link&#8221; link=&#8221;#esko-500&#8243;][\/vc_column_inner][vc_column_inner width=&#8221;1\/5&#8243;][vc_single_image image=&#8221;4798&#8243; add_caption=&#8221;yes&#8221; alignment=&#8221;center&#8221; onclick=&#8221;custom_link&#8221; link=&#8221;#sl-200-skkl&#8221;][\/vc_column_inner][vc_column_inner width=&#8221;1\/5&#8243;][\/vc_column_inner][vc_column_inner width=&#8221;1\/5&#8243;][\/vc_column_inner][vc_column_inner width=&#8221;1\/5&#8243;][\/vc_column_inner][\/vc_row_inner][mk_divider style=&#8221;thick_solid&#8221; border_color=&#8221;#000000&#8243;][\/vc_column][\/mk_page_section][mk_page_section section_id=&#8221;esko-500&#8243; sidebar=&#8221;sidebar-1&#8243;][vc_column][mk_padding_divider][vc_custom_heading text=&#8221;MAGASINK\u00c4RRA ESKO HEAVY 500&#8243; use_theme_fonts=&#8221;yes&#8221;][vc_row_inner][vc_column_inner width=&#8221;1\/2&#8243;][vc_single_image image=&#8221;3770&#8243; img_size=&#8221;500&#215;500&#8243;][vc_column_text css=&#8221;.vc_custom_1584947117554{margin-bottom: 0px !important;}&#8221;] Stadig allm\u00e4nk\u00e4rra [&hellip;]<\/p>\n","protected":false},"author":1,"featured_media":0,"parent":611,"menu_order":0,"comment_status":"closed","ping_status":"closed","template":"","meta":{"footnotes":""},"class_list":["post-1385","page","type-page","status-publish","hentry"],"yoast_head":"<!-- This site is optimized with the Yoast SEO Premium plugin v26.2 (Yoast SEO v27.5) - https:\/\/yoast.com\/product\/yoast-seo-premium-wordpress\/ -->\n<title>ESKO magasink\u00e4rra \u2013 H\u00f6g kvalitet \u2013 ESKO Finland Oy<\/title>\n<meta name=\"robots\" content=\"index, follow, max-snippet:-1, max-image-preview:large, max-video-preview:-1\" \/>\n<link rel=\"canonical\" href=\"https:\/\/www.eskofinland.fi\/tuotteet\/varastokarryt\/\" \/>\n<meta property=\"og:locale\" content=\"sv_SE\" \/>\n<meta property=\"og:type\" content=\"article\" \/>\n<meta property=\"og:title\" content=\"Magasink\u00e4rror\" \/>\n<meta property=\"og:description\" content=\"[mk_page_section bg_image=&#8221;https:\/\/www.eskofinland.fi\/wp\/wp-content\/uploads\/2024\/07\/nokkakarryt-ja-lavavaunu-ylakuva-kopio-scaled.jpg&#8221; bg_position=&#8221;center center&#8221; bg_stretch=&#8221;true&#8221; min_height=&#8221;400&#8243; section_id=&#8221;varasto&#8221; sidebar=&#8221;sidebar-1&#8243;][vc_column][\/vc_column][\/mk_page_section][mk_page_section section_id=&#8221;esko-betonisekoitin-30-100-170&#8243; sidebar=&#8221;sidebar-1&#8243;][vc_column][mk_padding_divider][mk_fancy_title tag_name=&#8221;h1&#8243; size=&#8221;48&#8243; force_font_size=&#8221;true&#8221; size_smallscreen=&#8221;48&#8243; size_tablet=&#8221;30&#8243; size_phone=&#8221;30&#8243; font_family=&#8221;none&#8221; align=&#8221;center&#8221;] Magasink\u00e4rror [\/mk_fancy_title][vc_column_text css=&#8221;.vc_custom_1555482717467{margin-bottom: 0px !important;}&#8221;]Modeller:[\/vc_column_text][vc_row_inner][vc_column_inner width=&#8221;1\/5&#8243;][vc_single_image image=&#8221;3770&#8243; add_caption=&#8221;yes&#8221; alignment=&#8221;center&#8221; onclick=&#8221;custom_link&#8221; link=&#8221;#esko-500&#8243;][\/vc_column_inner][vc_column_inner width=&#8221;1\/5&#8243;][vc_single_image image=&#8221;4798&#8243; add_caption=&#8221;yes&#8221; alignment=&#8221;center&#8221; onclick=&#8221;custom_link&#8221; link=&#8221;#sl-200-skkl&#8221;][\/vc_column_inner][vc_column_inner width=&#8221;1\/5&#8243;][\/vc_column_inner][vc_column_inner width=&#8221;1\/5&#8243;][\/vc_column_inner][vc_column_inner width=&#8221;1\/5&#8243;][\/vc_column_inner][\/vc_row_inner][mk_divider style=&#8221;thick_solid&#8221; border_color=&#8221;#000000&#8243;][\/vc_column][\/mk_page_section][mk_page_section section_id=&#8221;esko-500&#8243; sidebar=&#8221;sidebar-1&#8243;][vc_column][mk_padding_divider][vc_custom_heading text=&#8221;MAGASINK\u00c4RRA ESKO HEAVY 500&#8243; use_theme_fonts=&#8221;yes&#8221;][vc_row_inner][vc_column_inner width=&#8221;1\/2&#8243;][vc_single_image image=&#8221;3770&#8243; img_size=&#8221;500&#215;500&#8243;][vc_column_text css=&#8221;.vc_custom_1584947117554{margin-bottom: 0px !important;}&#8221;] Stadig allm\u00e4nk\u00e4rra [&hellip;]\" \/>\n<meta property=\"og:url\" content=\"https:\/\/www.eskofinland.fi\/tuotteet\/varastokarryt\/\" \/>\n<meta property=\"og:site_name\" content=\"ESKO Finland Oy\" \/>\n<meta property=\"article:modified_time\" content=\"2024-07-15T12:56:27+00:00\" \/>\n<meta name=\"twitter:card\" content=\"summary_large_image\" \/>\n<meta name=\"twitter:label1\" content=\"Ber\u00e4knad l\u00e4stid\" \/>\n\t<meta name=\"twitter:data1\" content=\"3 minuter\" \/>\n<script type=\"application\/ld+json\" class=\"yoast-schema-graph\">{\"@context\":\"https:\\\/\\\/schema.org\",\"@graph\":[{\"@type\":\"WebPage\",\"@id\":\"https:\\\/\\\/www.eskofinland.fi\\\/tuotteet\\\/varastokarryt\\\/\",\"url\":\"https:\\\/\\\/www.eskofinland.fi\\\/tuotteet\\\/varastokarryt\\\/\",\"name\":\"ESKO magasink\u00e4rra \u2013 H\u00f6g kvalitet \u2013 ESKO Finland Oy\",\"isPartOf\":{\"@id\":\"https:\\\/\\\/www.eskofinland.fi\\\/#website\"},\"datePublished\":\"2017-06-04T18:44:18+00:00\",\"dateModified\":\"2024-07-15T12:56:27+00:00\",\"breadcrumb\":{\"@id\":\"https:\\\/\\\/www.eskofinland.fi\\\/tuotteet\\\/varastokarryt\\\/#breadcrumb\"},\"inLanguage\":\"sv-SE\",\"potentialAction\":[{\"@type\":\"ReadAction\",\"target\":[\"https:\\\/\\\/www.eskofinland.fi\\\/tuotteet\\\/varastokarryt\\\/\"]}]},{\"@type\":\"BreadcrumbList\",\"@id\":\"https:\\\/\\\/www.eskofinland.fi\\\/tuotteet\\\/varastokarryt\\\/#breadcrumb\",\"itemListElement\":[{\"@type\":\"ListItem\",\"position\":1,\"name\":\"Hem\",\"item\":\"https:\\\/\\\/www.eskofinland.fi\\\/sv\\\/\"},{\"@type\":\"ListItem\",\"position\":2,\"name\":\"Produkter\",\"item\":\"https:\\\/\\\/www.eskofinland.fi\\\/tuotteet\\\/\"},{\"@type\":\"ListItem\",\"position\":3,\"name\":\"Magasink\u00e4rror\"}]},{\"@type\":\"WebSite\",\"@id\":\"https:\\\/\\\/www.eskofinland.fi\\\/#website\",\"url\":\"https:\\\/\\\/www.eskofinland.fi\\\/\",\"name\":\"ESKO Finland Oy\",\"description\":\"Ter&auml;ksist&auml; laatua vuodesta 1947\",\"potentialAction\":[{\"@type\":\"SearchAction\",\"target\":{\"@type\":\"EntryPoint\",\"urlTemplate\":\"https:\\\/\\\/www.eskofinland.fi\\\/?s={search_term_string}\"},\"query-input\":{\"@type\":\"PropertyValueSpecification\",\"valueRequired\":true,\"valueName\":\"search_term_string\"}}],\"inLanguage\":\"sv-SE\"}]}<\/script>\n<!-- \/ Yoast SEO Premium plugin. -->","yoast_head_json":{"title":"ESKO magasink\u00e4rra \u2013 H\u00f6g kvalitet \u2013 ESKO Finland Oy","robots":{"index":"index","follow":"follow","max-snippet":"max-snippet:-1","max-image-preview":"max-image-preview:large","max-video-preview":"max-video-preview:-1"},"canonical":"https:\/\/www.eskofinland.fi\/tuotteet\/varastokarryt\/","og_locale":"sv_SE","og_type":"article","og_title":"Magasink\u00e4rror","og_description":"[mk_page_section bg_image=&#8221;https:\/\/www.eskofinland.fi\/wp\/wp-content\/uploads\/2024\/07\/nokkakarryt-ja-lavavaunu-ylakuva-kopio-scaled.jpg&#8221; bg_position=&#8221;center center&#8221; bg_stretch=&#8221;true&#8221; min_height=&#8221;400&#8243; section_id=&#8221;varasto&#8221; sidebar=&#8221;sidebar-1&#8243;][vc_column][\/vc_column][\/mk_page_section][mk_page_section section_id=&#8221;esko-betonisekoitin-30-100-170&#8243; sidebar=&#8221;sidebar-1&#8243;][vc_column][mk_padding_divider][mk_fancy_title tag_name=&#8221;h1&#8243; size=&#8221;48&#8243; force_font_size=&#8221;true&#8221; size_smallscreen=&#8221;48&#8243; size_tablet=&#8221;30&#8243; size_phone=&#8221;30&#8243; font_family=&#8221;none&#8221; align=&#8221;center&#8221;] Magasink\u00e4rror [\/mk_fancy_title][vc_column_text css=&#8221;.vc_custom_1555482717467{margin-bottom: 0px !important;}&#8221;]Modeller:[\/vc_column_text][vc_row_inner][vc_column_inner width=&#8221;1\/5&#8243;][vc_single_image image=&#8221;3770&#8243; add_caption=&#8221;yes&#8221; alignment=&#8221;center&#8221; onclick=&#8221;custom_link&#8221; link=&#8221;#esko-500&#8243;][\/vc_column_inner][vc_column_inner width=&#8221;1\/5&#8243;][vc_single_image image=&#8221;4798&#8243; add_caption=&#8221;yes&#8221; alignment=&#8221;center&#8221; onclick=&#8221;custom_link&#8221; link=&#8221;#sl-200-skkl&#8221;][\/vc_column_inner][vc_column_inner width=&#8221;1\/5&#8243;][\/vc_column_inner][vc_column_inner width=&#8221;1\/5&#8243;][\/vc_column_inner][vc_column_inner width=&#8221;1\/5&#8243;][\/vc_column_inner][\/vc_row_inner][mk_divider style=&#8221;thick_solid&#8221; border_color=&#8221;#000000&#8243;][\/vc_column][\/mk_page_section][mk_page_section section_id=&#8221;esko-500&#8243; sidebar=&#8221;sidebar-1&#8243;][vc_column][mk_padding_divider][vc_custom_heading text=&#8221;MAGASINK\u00c4RRA ESKO HEAVY 500&#8243; use_theme_fonts=&#8221;yes&#8221;][vc_row_inner][vc_column_inner width=&#8221;1\/2&#8243;][vc_single_image image=&#8221;3770&#8243; img_size=&#8221;500&#215;500&#8243;][vc_column_text css=&#8221;.vc_custom_1584947117554{margin-bottom: 0px !important;}&#8221;] Stadig allm\u00e4nk\u00e4rra [&hellip;]","og_url":"https:\/\/www.eskofinland.fi\/tuotteet\/varastokarryt\/","og_site_name":"ESKO Finland Oy","article_modified_time":"2024-07-15T12:56:27+00:00","twitter_card":"summary_large_image","twitter_misc":{"Ber\u00e4knad l\u00e4stid":"3 minuter"},"schema":{"@context":"https:\/\/schema.org","@graph":[{"@type":"WebPage","@id":"https:\/\/www.eskofinland.fi\/tuotteet\/varastokarryt\/","url":"https:\/\/www.eskofinland.fi\/tuotteet\/varastokarryt\/","name":"ESKO magasink\u00e4rra \u2013 H\u00f6g kvalitet \u2013 ESKO Finland Oy","isPartOf":{"@id":"https:\/\/www.eskofinland.fi\/#website"},"datePublished":"2017-06-04T18:44:18+00:00","dateModified":"2024-07-15T12:56:27+00:00","breadcrumb":{"@id":"https:\/\/www.eskofinland.fi\/tuotteet\/varastokarryt\/#breadcrumb"},"inLanguage":"sv-SE","potentialAction":[{"@type":"ReadAction","target":["https:\/\/www.eskofinland.fi\/tuotteet\/varastokarryt\/"]}]},{"@type":"BreadcrumbList","@id":"https:\/\/www.eskofinland.fi\/tuotteet\/varastokarryt\/#breadcrumb","itemListElement":[{"@type":"ListItem","position":1,"name":"Hem","item":"https:\/\/www.eskofinland.fi\/sv\/"},{"@type":"ListItem","position":2,"name":"Produkter","item":"https:\/\/www.eskofinland.fi\/tuotteet\/"},{"@type":"ListItem","position":3,"name":"Magasink\u00e4rror"}]},{"@type":"WebSite","@id":"https:\/\/www.eskofinland.fi\/#website","url":"https:\/\/www.eskofinland.fi\/","name":"ESKO Finland Oy","description":"Ter&auml;ksist&auml; laatua vuodesta 1947","potentialAction":[{"@type":"SearchAction","target":{"@type":"EntryPoint","urlTemplate":"https:\/\/www.eskofinland.fi\/?s={search_term_string}"},"query-input":{"@type":"PropertyValueSpecification","valueRequired":true,"valueName":"search_term_string"}}],"inLanguage":"sv-SE"}]}},"_links":{"self":[{"href":"https:\/\/www.eskofinland.fi\/sv\/wp-json\/wp\/v2\/pages\/1385","targetHints":{"allow":["GET"]}}],"collection":[{"href":"https:\/\/www.eskofinland.fi\/sv\/wp-json\/wp\/v2\/pages"}],"about":[{"href":"https:\/\/www.eskofinland.fi\/sv\/wp-json\/wp\/v2\/types\/page"}],"author":[{"embeddable":true,"href":"https:\/\/www.eskofinland.fi\/sv\/wp-json\/wp\/v2\/users\/1"}],"replies":[{"embeddable":true,"href":"https:\/\/www.eskofinland.fi\/sv\/wp-json\/wp\/v2\/comments?post=1385"}],"version-history":[{"count":3,"href":"https:\/\/www.eskofinland.fi\/sv\/wp-json\/wp\/v2\/pages\/1385\/revisions"}],"predecessor-version":[{"id":5302,"href":"https:\/\/www.eskofinland.fi\/sv\/wp-json\/wp\/v2\/pages\/1385\/revisions\/5302"}],"up":[{"embeddable":true,"href":"https:\/\/www.eskofinland.fi\/sv\/wp-json\/wp\/v2\/pages\/611"}],"wp:attachment":[{"href":"https:\/\/www.eskofinland.fi\/sv\/wp-json\/wp\/v2\/media?parent=1385"}],"curies":[{"name":"wp","href":"https:\/\/api.w.org\/{rel}","templated":true}]}}