{"id":599,"date":"2016-09-20T12:11:09","date_gmt":"2016-09-20T09:11:09","guid":{"rendered":"http:\/\/www.eskofinland.fi\/wp.www35.zoner-asiakas.fi\/?page_id=599&#038;lang=sv"},"modified":"2023-01-25T14:17:22","modified_gmt":"2023-01-25T12:17:22","slug":"hemsida","status":"publish","type":"page","link":"https:\/\/www.eskofinland.fi\/sv\/","title":{"rendered":"Hemsida"},"content":{"rendered":"[mk_page_section bg_image=&#8221;httpss:\/\/www.eskofinland.fi\/wp\/wp-content\/uploads\/2017\/02\/raksamies_esko_2-fix.jpg&#8221; attachment=&#8221;fixed&#8221; bg_position=&#8221;center center&#8221; bg_stretch=&#8221;true&#8221; min_height=&#8221;200&#8243; full_width=&#8221;true&#8221; visibility=&#8221;visible-sm&#8221; sidebar=&#8221;sidebar-1&#8243;][vc_column][\/vc_column][\/mk_page_section][mk_page_section visibility=&#8221;hidden-nb&#8221; sidebar=&#8221;sidebar-1&#8243;][vc_column]\n\t\t\t\t<p class=\"rs-p-wp-fix\"><\/p>\n\t\t\t\t<sr7-module data-alias=\"mainslider-sv\" data-id=\"11\" id=\"SR7_11_1\" data-version=\"6.7.54\">\n\t\t\t\t\t<sr7-adjuster><\/sr7-adjuster>\n\t\t\t\t\t<sr7-content>\n\t\t\t\t\t\t<sr7-slide id=\"SR7_11_1-15\" data-key=\"15\">\n\t\t\t\t\t\t\t<sr7-bg id=\"SR7_11_1-15-slidebg\" class=\"sr7-layer\"><noscript><img decoding=\"async\" src=\"https:\/\/www.eskofinland.fi\/wp\/wp-content\/uploads\/2020\/05\/ban_talli_puutarha.png\" alt=\"\" title=\"ban_talli_puutarha\"><\/noscript><\/sr7-bg>\n\t\t\t\t\t\t\t<sr7-txt id=\"SR7_11_1-15-12\" class=\"sr7-layer\">St\u00e5lkvalitet sedan 1947<\/sr7-txt>\n\t\t\t\t\t\t<\/sr7-slide>\n\t\t\t\t\t\t<sr7-slide id=\"SR7_11_1-16\" data-key=\"16\">\n\t\t\t\t\t\t\t<sr7-bg id=\"SR7_11_1-16-slidebg\" class=\"sr7-layer\"><noscript><img decoding=\"async\" src=\"https:\/\/www.eskofinland.fi\/wp\/wp-content\/uploads\/2020\/05\/ban_lavav_raksa.png\" alt=\"\" title=\"Hemsida\"><\/noscript><\/sr7-bg>\n\t\t\t\t\t\t\t<sr7-txt id=\"SR7_11_1-16-12\" class=\"sr7-layer\">St\u00e5lkvalitet sedan 1947<\/sr7-txt>\n\t\t\t\t\t\t<\/sr7-slide>\n\t\t\t\t\t\t<sr7-slide id=\"SR7_11_1-17\" data-key=\"17\">\n\t\t\t\t\t\t\t<sr7-bg id=\"SR7_11_1-17-slidebg\" class=\"sr7-layer\"><noscript><img decoding=\"async\" src=\"https:\/\/www.eskofinland.fi\/wp\/wp-content\/uploads\/2019\/12\/hiekoituskrryt.png\" alt=\"\" title=\"hiekoituskrryt\"><\/noscript><\/sr7-bg>\n\t\t\t\t\t\t\t<sr7-txt id=\"SR7_11_1-17-12\" class=\"sr7-layer\">St\u00e5lkvalitet sedan 1947<\/sr7-txt>\n\t\t\t\t\t\t<\/sr7-slide>\n\t\t\t\t\t\t<sr7-slide id=\"SR7_11_1-13\" data-key=\"13\">\n\t\t\t\t\t\t\t<sr7-bg id=\"SR7_11_1-13-slidebg\" class=\"sr7-layer\"><noscript><img decoding=\"async\" src=\"https:\/\/www.eskofinland.fi\/wp\/wp-content\/uploads\/2016\/08\/tilaus_slider.jpg\" alt=\"\" title=\"Hemsida\"><\/noscript><\/sr7-bg>\n\t\t\t\t\t\t\t<sr7-txt id=\"SR7_11_1-13-7\" class=\"sr7-layer\">St\u00e5lkvalitet sedan 1947<\/sr7-txt>\n\t\t\t\t\t\t<\/sr7-slide>\n\t\t\t\t\t\t<sr7-slide id=\"SR7_11_1-33\" data-key=\"33\">\n\t\t\t\t\t\t<\/sr7-slide>\n\t\t\t\t\t<\/sr7-content>\n\t\t\t\t<\/sr7-module>\n\t\t\t\t<script>\n\t\t\t\t\twindow.SR7 ??={};SR7.PMH ??={}; SR7.PMH[\"SR7_11_1\"] = {cn:100,state:false,fn: function() { if (window._tpt!==undefined && window._tpt.prepareModuleHeight !== undefined) {  _tpt.prepareModuleHeight({id:\"SR7_11_1\",el:[450],type:'standard',shdw:'0',gh:[450],gw:[1224],vpt:['-200px'],size:{fullWidth:true, fullHeight:false},mh:'0',onh:0,onw:0,bg:{color:'transparent'},plType:'0',plColor:'#FFFFFF'});   SR7.PMH[\"SR7_11_1\"].state=true;} else if(SR7.PMH[\"SR7_11_1\"].cn-->0)\tsetTimeout( SR7.PMH[\"SR7_11_1\"].fn,19);}};SR7.PMH[\"SR7_11_1\" ].fn();\n\t\t\t\t<\/script>\n[\/vc_column][\/mk_page_section][mk_page_section sidebar=&#8221;sidebar-1&#8243;][vc_column width=&#8221;1\/4&#8243;][vc_custom_heading text=&#8221;Esko heavy -produkter&#8221; font_container=&#8221;tag:h2|font_size:24|text_align:center&#8221; use_theme_fonts=&#8221;yes&#8221;][mk_image src=&#8221;https:\/\/www.eskofinland.fi\/wp\/wp-content\/uploads\/2020\/01\/ympyr_esko.png&#8221; image_width=&#8221;600&#8243; image_height=&#8221;450&#8243; link=&#8221;produkter\/?lang=sv&#8221; crop=&#8221;false&#8221;][mk_button dimension=&#8221;flat&#8221; size=&#8221;medium&#8221; url=&#8221;produkter\/?lang=sv&#8221; align=&#8221;center&#8221; margin_right=&#8221;0&#8243; bg_color=&#8221;#ff6a13&#8243; btn_hover_bg=&#8221;#000000&#8243;]ALLA ESKO HEAVY-PRODUKTER[\/mk_button][\/vc_column][vc_column width=&#8221;1\/4&#8243;][vc_custom_heading text=&#8221;ESKO SL -produkter&#8221; font_container=&#8221;tag:h2|font_size:24|text_align:center&#8221; use_theme_fonts=&#8221;yes&#8221;][mk_image src=&#8221;https:\/\/www.eskofinland.fi\/wp\/wp-content\/uploads\/2020\/01\/ympyr_sl.png&#8221; image_width=&#8221;600&#8243; image_height=&#8221;450&#8243; link=&#8221;produkter\/?lang=sv&#8221; crop=&#8221;false&#8221;][mk_button dimension=&#8221;flat&#8221; size=&#8221;medium&#8221; url=&#8221;produkter\/?lang=sv&#8221; align=&#8221;center&#8221; margin_right=&#8221;0&#8243; bg_color=&#8221;#ff6a13&#8243; btn_hover_bg=&#8221;#000000&#8243;]ALLA ESKO SL-PRODUKTER[\/mk_button][\/vc_column][vc_column width=&#8221;1\/4&#8243;][vc_custom_heading text=&#8221;\u00c5TERF\u00d6RS\u00c4LJARNA&#8221; font_container=&#8221;tag:h2|font_size:24|text_align:center&#8221; use_theme_fonts=&#8221;yes&#8221;][mk_image src=&#8221;https:\/\/www.eskofinland.fi\/wp\/wp-content\/uploads\/2020\/01\/esko_sl_kartta_uusi.jpg&#8221; image_width=&#8221;600&#8243; image_height=&#8221;600&#8243; link=&#8221;aterforsaljarna\/?lang=sv&#8221; crop=&#8221;false&#8221;][mk_button dimension=&#8221;flat&#8221; size=&#8221;medium&#8221; url=&#8221;aterforsaljarna\/?lang=sv&#8221; align=&#8221;center&#8221; margin_right=&#8221;0&#8243; bg_color=&#8221;#ff6a13&#8243; btn_hover_bg=&#8221;#000000&#8243;]SE \u00c5TERF\u00d6RS\u00c4LJARNA[\/mk_button][\/vc_column][vc_column width=&#8221;1\/4&#8243;][vc_custom_heading text=&#8221;VIDEO&#8221; font_container=&#8221;tag:h2|font_size:24|text_align:center&#8221; use_theme_fonts=&#8221;yes&#8221;][mk_padding_divider][vc_video link=&#8221;https:\/\/youtu.be\/VjC4VO0ZPp0&#8243;][\/vc_column][\/mk_page_section][mk_page_section min_height=&#8221;0&#8243; sidebar=&#8221;sidebar-1&#8243;][vc_column][mk_divider style=&#8221;thick_solid&#8221; border_color=&#8221;#000000&#8243; margin_top=&#8221;0&#8243; margin_bottom=&#8221;0&#8243;][\/vc_column][\/mk_page_section][mk_page_section bg_image=&#8221;httpss:\/\/www.eskofinland.fi\/wp.www35.zoner-asiakas.fi\/wp-content\/uploads\/2016\/09\/raksamies_esko_2.jpg&#8221; attachment=&#8221;fixed&#8221; bg_position=&#8221;center center&#8221; bg_stretch=&#8221;true&#8221; min_height=&#8221;600&#8243; full_width=&#8221;true&#8221; visibility=&#8221;hidden-sm&#8221; sidebar=&#8221;sidebar-1&#8243;][vc_column width=&#8221;1\/2&#8243;][\/vc_column][vc_column width=&#8221;1\/2&#8243;][mk_padding_divider size=&#8221;50&#8243;][vc_custom_heading text=&#8221;ESKO Finland Oy grundades \u00e5r 1947 f\u00f6r tillverkning och reparation av maskiner. Nuf\u00f6rtiden \u00e4r f\u00f6retaget den ledande tillverkaren inom sin bransch. ESKO Finland Oy tillverkar ESKO Heavy och ESKO SL -produkter.&#8221; font_container=&#8221;tag:p|text_align:left|color:%23000000&#8243; use_theme_fonts=&#8221;yes&#8221; css=&#8221;.vc_custom_1674649166260{margin-right: 80px !important;padding-top: 15px !important;padding-right: 15px !important;padding-bottom: 15px !important;padding-left: 15px !important;background-color: #ffffff !important;}&#8221;][mk_button dimension=&#8221;flat&#8221; size=&#8221;medium&#8221; url=&#8221;foretaget\/?lang=sv&#8221; margin_top=&#8221;-10&#8243; margin_right=&#8221;0&#8243; bg_color=&#8221;#ff6a13&#8243; btn_hover_bg=&#8221;#000000&#8243;]L\u00c4S MER[\/mk_button][\/vc_column][\/mk_page_section]\n","protected":false},"excerpt":{"rendered":"<p>[mk_page_section bg_image=&#8221;httpss:\/\/www.eskofinland.fi\/wp\/wp-content\/uploads\/2017\/02\/raksamies_esko_2-fix.jpg&#8221; attachment=&#8221;fixed&#8221; bg_position=&#8221;center center&#8221; bg_stretch=&#8221;true&#8221; min_height=&#8221;200&#8243; full_width=&#8221;true&#8221; visibility=&#8221;visible-sm&#8221; sidebar=&#8221;sidebar-1&#8243;][vc_column][\/vc_column][\/mk_page_section][mk_page_section visibility=&#8221;hidden-nb&#8221; sidebar=&#8221;sidebar-1&#8243;][vc_column][\/vc_column][\/mk_page_section][mk_page_section sidebar=&#8221;sidebar-1&#8243;][vc_column width=&#8221;1\/4&#8243;][vc_custom_heading text=&#8221;Esko heavy -produkter&#8221; font_container=&#8221;tag:h2|font_size:24|text_align:center&#8221; use_theme_fonts=&#8221;yes&#8221;][mk_image src=&#8221;https:\/\/www.eskofinland.fi\/wp\/wp-content\/uploads\/2020\/01\/ympyr_esko.png&#8221; image_width=&#8221;600&#8243; image_height=&#8221;450&#8243; link=&#8221;produkter\/?lang=sv&#8221; crop=&#8221;false&#8221;][mk_button dimension=&#8221;flat&#8221; size=&#8221;medium&#8221; url=&#8221;produkter\/?lang=sv&#8221; align=&#8221;center&#8221; margin_right=&#8221;0&#8243; bg_color=&#8221;#ff6a13&#8243; btn_hover_bg=&#8221;#000000&#8243;]ALLA ESKO HEAVY-PRODUKTER[\/mk_button][\/vc_column][vc_column width=&#8221;1\/4&#8243;][vc_custom_heading text=&#8221;ESKO SL -produkter&#8221; font_container=&#8221;tag:h2|font_size:24|text_align:center&#8221; use_theme_fonts=&#8221;yes&#8221;][mk_image src=&#8221;https:\/\/www.eskofinland.fi\/wp\/wp-content\/uploads\/2020\/01\/ympyr_sl.png&#8221; image_width=&#8221;600&#8243; image_height=&#8221;450&#8243; link=&#8221;produkter\/?lang=sv&#8221; crop=&#8221;false&#8221;][mk_button dimension=&#8221;flat&#8221; size=&#8221;medium&#8221; url=&#8221;produkter\/?lang=sv&#8221; align=&#8221;center&#8221; margin_right=&#8221;0&#8243; bg_color=&#8221;#ff6a13&#8243; btn_hover_bg=&#8221;#000000&#8243;]ALLA ESKO SL-PRODUKTER[\/mk_button][\/vc_column][vc_column width=&#8221;1\/4&#8243;][vc_custom_heading text=&#8221;\u00c5TERF\u00d6RS\u00c4LJARNA&#8221; [&hellip;]<\/p>\n","protected":false},"author":1,"featured_media":0,"parent":0,"menu_order":0,"comment_status":"closed","ping_status":"closed","template":"","meta":{"footnotes":""},"class_list":["post-599","page","type-page","status-publish","hentry"],"yoast_head":"<!-- This site is optimized with the Yoast SEO Premium plugin v26.2 (Yoast SEO v27.5) - https:\/\/yoast.com\/product\/yoast-seo-premium-wordpress\/ -->\n<title>Maskinverkstad kunnande sedan 1947 - ESKO Finland Oy<\/title>\n<meta name=\"description\" content=\"ESKO Finland Oy \u00e4r en finsk maskinverkstad som tillverkar ESKO- och SL-produkter (betongblandare, skottk\u00e4rror, magasink\u00e4rror, sandningsk\u00e4rror och bords\u00e5gar)\" \/>\n<meta name=\"robots\" content=\"index, follow, max-snippet:-1, max-image-preview:large, max-video-preview:-1\" \/>\n<link rel=\"canonical\" href=\"https:\/\/www.eskofinland.fi\/sv\/\" \/>\n<meta property=\"og:locale\" content=\"sv_SE\" \/>\n<meta property=\"og:type\" content=\"article\" \/>\n<meta property=\"og:title\" content=\"Hemsida\" \/>\n<meta property=\"og:description\" content=\"ESKO Finland Oy \u00e4r en finsk maskinverkstad som tillverkar ESKO- och SL-produkter (betongblandare, skottk\u00e4rror, magasink\u00e4rror, sandningsk\u00e4rror och bords\u00e5gar)\" \/>\n<meta property=\"og:url\" content=\"https:\/\/www.eskofinland.fi\/sv\/\" \/>\n<meta property=\"og:site_name\" content=\"ESKO Finland Oy\" \/>\n<meta property=\"article:modified_time\" content=\"2023-01-25T12:17:22+00:00\" \/>\n<meta name=\"twitter:card\" content=\"summary_large_image\" \/>\n<meta name=\"twitter:label1\" content=\"Ber\u00e4knad l\u00e4stid\" \/>\n\t<meta name=\"twitter:data1\" content=\"3 minuter\" \/>\n<script type=\"application\/ld+json\" class=\"yoast-schema-graph\">{\"@context\":\"https:\\\/\\\/schema.org\",\"@graph\":[{\"@type\":\"WebPage\",\"@id\":\"https:\\\/\\\/www.eskofinland.fi\\\/sv\\\/\",\"url\":\"https:\\\/\\\/www.eskofinland.fi\\\/sv\\\/\",\"name\":\"Maskinverkstad kunnande sedan 1947 - ESKO Finland Oy\",\"isPartOf\":{\"@id\":\"https:\\\/\\\/www.eskofinland.fi\\\/#website\"},\"datePublished\":\"2016-09-20T09:11:09+00:00\",\"dateModified\":\"2023-01-25T12:17:22+00:00\",\"description\":\"ESKO Finland Oy \u00e4r en finsk maskinverkstad som tillverkar ESKO- och SL-produkter (betongblandare, skottk\u00e4rror, magasink\u00e4rror, sandningsk\u00e4rror och bords\u00e5gar)\",\"breadcrumb\":{\"@id\":\"https:\\\/\\\/www.eskofinland.fi\\\/sv\\\/#breadcrumb\"},\"inLanguage\":\"sv-SE\",\"potentialAction\":[{\"@type\":\"ReadAction\",\"target\":[\"https:\\\/\\\/www.eskofinland.fi\\\/sv\\\/\"]}]},{\"@type\":\"BreadcrumbList\",\"@id\":\"https:\\\/\\\/www.eskofinland.fi\\\/sv\\\/#breadcrumb\",\"itemListElement\":[{\"@type\":\"ListItem\",\"position\":1,\"name\":\"Hem\",\"item\":\"https:\\\/\\\/www.eskofinland.fi\\\/sv\\\/\"},{\"@type\":\"ListItem\",\"position\":2,\"name\":\"Hemsida\"}]},{\"@type\":\"WebSite\",\"@id\":\"https:\\\/\\\/www.eskofinland.fi\\\/#website\",\"url\":\"https:\\\/\\\/www.eskofinland.fi\\\/\",\"name\":\"ESKO Finland Oy\",\"description\":\"Ter&auml;ksist&auml; laatua vuodesta 1947\",\"potentialAction\":[{\"@type\":\"SearchAction\",\"target\":{\"@type\":\"EntryPoint\",\"urlTemplate\":\"https:\\\/\\\/www.eskofinland.fi\\\/?s={search_term_string}\"},\"query-input\":{\"@type\":\"PropertyValueSpecification\",\"valueRequired\":true,\"valueName\":\"search_term_string\"}}],\"inLanguage\":\"sv-SE\"}]}<\/script>\n<!-- \/ Yoast SEO Premium plugin. -->","yoast_head_json":{"title":"Maskinverkstad kunnande sedan 1947 - ESKO Finland Oy","description":"ESKO Finland Oy \u00e4r en finsk maskinverkstad som tillverkar ESKO- och SL-produkter (betongblandare, skottk\u00e4rror, magasink\u00e4rror, sandningsk\u00e4rror och bords\u00e5gar)","robots":{"index":"index","follow":"follow","max-snippet":"max-snippet:-1","max-image-preview":"max-image-preview:large","max-video-preview":"max-video-preview:-1"},"canonical":"https:\/\/www.eskofinland.fi\/sv\/","og_locale":"sv_SE","og_type":"article","og_title":"Hemsida","og_description":"ESKO Finland Oy \u00e4r en finsk maskinverkstad som tillverkar ESKO- och SL-produkter (betongblandare, skottk\u00e4rror, magasink\u00e4rror, sandningsk\u00e4rror och bords\u00e5gar)","og_url":"https:\/\/www.eskofinland.fi\/sv\/","og_site_name":"ESKO Finland Oy","article_modified_time":"2023-01-25T12:17:22+00:00","twitter_card":"summary_large_image","twitter_misc":{"Ber\u00e4knad l\u00e4stid":"3 minuter"},"schema":{"@context":"https:\/\/schema.org","@graph":[{"@type":"WebPage","@id":"https:\/\/www.eskofinland.fi\/sv\/","url":"https:\/\/www.eskofinland.fi\/sv\/","name":"Maskinverkstad kunnande sedan 1947 - ESKO Finland Oy","isPartOf":{"@id":"https:\/\/www.eskofinland.fi\/#website"},"datePublished":"2016-09-20T09:11:09+00:00","dateModified":"2023-01-25T12:17:22+00:00","description":"ESKO Finland Oy \u00e4r en finsk maskinverkstad som tillverkar ESKO- och SL-produkter (betongblandare, skottk\u00e4rror, magasink\u00e4rror, sandningsk\u00e4rror och bords\u00e5gar)","breadcrumb":{"@id":"https:\/\/www.eskofinland.fi\/sv\/#breadcrumb"},"inLanguage":"sv-SE","potentialAction":[{"@type":"ReadAction","target":["https:\/\/www.eskofinland.fi\/sv\/"]}]},{"@type":"BreadcrumbList","@id":"https:\/\/www.eskofinland.fi\/sv\/#breadcrumb","itemListElement":[{"@type":"ListItem","position":1,"name":"Hem","item":"https:\/\/www.eskofinland.fi\/sv\/"},{"@type":"ListItem","position":2,"name":"Hemsida"}]},{"@type":"WebSite","@id":"https:\/\/www.eskofinland.fi\/#website","url":"https:\/\/www.eskofinland.fi\/","name":"ESKO Finland Oy","description":"Ter&auml;ksist&auml; laatua vuodesta 1947","potentialAction":[{"@type":"SearchAction","target":{"@type":"EntryPoint","urlTemplate":"https:\/\/www.eskofinland.fi\/?s={search_term_string}"},"query-input":{"@type":"PropertyValueSpecification","valueRequired":true,"valueName":"search_term_string"}}],"inLanguage":"sv-SE"}]}},"_links":{"self":[{"href":"https:\/\/www.eskofinland.fi\/sv\/wp-json\/wp\/v2\/pages\/599","targetHints":{"allow":["GET"]}}],"collection":[{"href":"https:\/\/www.eskofinland.fi\/sv\/wp-json\/wp\/v2\/pages"}],"about":[{"href":"https:\/\/www.eskofinland.fi\/sv\/wp-json\/wp\/v2\/types\/page"}],"author":[{"embeddable":true,"href":"https:\/\/www.eskofinland.fi\/sv\/wp-json\/wp\/v2\/users\/1"}],"replies":[{"embeddable":true,"href":"https:\/\/www.eskofinland.fi\/sv\/wp-json\/wp\/v2\/comments?post=599"}],"version-history":[{"count":3,"href":"https:\/\/www.eskofinland.fi\/sv\/wp-json\/wp\/v2\/pages\/599\/revisions"}],"predecessor-version":[{"id":5062,"href":"https:\/\/www.eskofinland.fi\/sv\/wp-json\/wp\/v2\/pages\/599\/revisions\/5062"}],"wp:attachment":[{"href":"https:\/\/www.eskofinland.fi\/sv\/wp-json\/wp\/v2\/media?parent=599"}],"curies":[{"name":"wp","href":"https:\/\/api.w.org\/{rel}","templated":true}]}}