{"id":613,"date":"2016-09-20T15:55:26","date_gmt":"2016-09-20T12:55:26","guid":{"rendered":"http:\/\/www.eskofinland.fi\/wp.www35.zoner-asiakas.fi\/?page_id=613&#038;lang=sv"},"modified":"2023-04-17T12:31:22","modified_gmt":"2023-04-17T09:31:22","slug":"kontakt","status":"publish","type":"page","link":"https:\/\/www.eskofinland.fi\/sv\/kontakt\/","title":{"rendered":"Kontakt"},"content":{"rendered":"[mk_page_section bg_stretch=&#8221;true&#8221; full_width=&#8221;true&#8221; top_shape_color=&#8221;#ffffff&#8221; bottom_shape_color=&#8221;#ffffff&#8221; visibility=&#8221;hidden-sm&#8221; sidebar=&#8221;sidebar-1&#8243;][vc_column][mk_advanced_gmaps custom_markers=&#8221;true&#8221; latitude=&#8221;60.710652&#8243; longitude=&#8221;25.231273&#8243; address=&#8221;Sarjalaite Oy&#8221; content_bg_color=&#8221;&#8221; content_font_color=&#8221;#ffffff&#8221; height=&#8221;500&#8243; map_zoom=&#8221;7&#8243;][\/vc_column][\/mk_page_section][mk_page_section bg_stretch=&#8221;true&#8221; full_width=&#8221;true&#8221; visibility=&#8221;visible-sm&#8221; sidebar=&#8221;sidebar-1&#8243;][vc_column][mk_advanced_gmaps custom_markers=&#8221;true&#8221; latitude=&#8221;60.710652&#8243; longitude=&#8221;25.231273&#8243; address=&#8221;Sarjalaite Oy&#8221; content_bg_color=&#8221;&#8221; content_font_color=&#8221;#ffffff&#8221; height=&#8221;200&#8243; map_zoom=&#8221;7&#8243;][\/vc_column][\/mk_page_section][mk_page_section padding_top=&#8221;50&#8243; padding_bottom=&#8221;40&#8243; sidebar=&#8221;sidebar-1&#8243;][vc_column width=&#8221;1\/3&#8243;][vc_custom_heading text=&#8221;V\u00e5r kontaktinformation&#8221; font_container=&#8221;tag:p|font_size:24|text_align:left&#8221; google_fonts=&#8221;font_family:Montserrat%3Aregular%2C700|font_style:700%20bold%20regular%3A700%3Anormal&#8221; css=&#8221;.vc_custom_1474443844853{margin-bottom: 20px !important;}&#8221;][vc_custom_heading text=&#8221;F\u00d6RS\u00c4LJNING&#8221; font_container=&#8221;tag:h2|font_size:16|text_align:left&#8221; google_fonts=&#8221;font_family:Montserrat%3Aregular%2C700|font_style:700%20bold%20regular%3A700%3Anormal&#8221;][mk_contact_info email=&#8221;myynti `{`at`}` eskofinland.fi&#8221; address=&#8221;+358 424 61 611&#8243; person=&#8221;ESKO-f\u00f6rs\u00e4ljning&#8221;][vc_custom_heading text=&#8221;VD&#8221; font_container=&#8221;tag:h2|font_size:16|text_align:left&#8221; google_fonts=&#8221;font_family:Montserrat%3Aregular%2C700|font_style:700%20bold%20regular%3A700%3Anormal&#8221;][mk_contact_info phone=&#8221;+358 40 746 6655&#8243; email=&#8221;fornamn.efternamn `{`at`}` eskofinland.fi&#8221; person=&#8221;Marko Tikkanen&#8221;][\/vc_column][vc_column width=&#8221;1\/3&#8243;][vc_empty_space height=&#8221;60px&#8221;][vc_custom_heading text=&#8221;LOGISTIK&#8221; font_container=&#8221;tag:h2|font_size:16|text_align:left&#8221; google_fonts=&#8221;font_family:Montserrat%3Aregular%2C700|font_style:700%20bold%20regular%3A700%3Anormal&#8221;][mk_contact_info phone=&#8221;+358 400 842 863&#8243; email=&#8221;fornamn.efternamn `{`at`}` eskofinland.fi&#8221; person=&#8221;Simo Kaikkonen&#8221;][\/vc_column][vc_column width=&#8221;1\/3&#8243;][vc_custom_heading text=&#8221;Kontakta oss&#8221; font_container=&#8221;tag:p|font_size:24|text_align:left&#8221; google_fonts=&#8221;font_family:Montserrat%3Aregular%2C700|font_style:700%20bold%20regular%3A700%3Anormal&#8221; css=&#8221;.vc_custom_1474443545932{margin-bottom: 20px !important;}&#8221;][vc_column_text]\n<div class=\"wpcf7 no-js\" id=\"wpcf7-f635-o1\" lang=\"fi\" dir=\"ltr\" data-wpcf7-id=\"635\">\n<div class=\"screen-reader-response\"><p role=\"status\" aria-live=\"polite\" aria-atomic=\"true\"><\/p> <ul><\/ul><\/div>\n<form action=\"\/sv\/wp-json\/wp\/v2\/pages\/613#wpcf7-f635-o1\" method=\"post\" class=\"wpcf7-form init wpcf7-acceptance-as-validation\" aria-label=\"Yhteydenottolomake\" novalidate=\"novalidate\" data-status=\"init\">\n<fieldset class=\"hidden-fields-container\"><input type=\"hidden\" name=\"_wpcf7\" value=\"635\" \/><input type=\"hidden\" name=\"_wpcf7_version\" value=\"6.1.5\" \/><input type=\"hidden\" name=\"_wpcf7_locale\" value=\"fi\" \/><input type=\"hidden\" name=\"_wpcf7_unit_tag\" value=\"wpcf7-f635-o1\" \/><input type=\"hidden\" name=\"_wpcf7_container_post\" value=\"0\" \/><input type=\"hidden\" name=\"_wpcf7_posted_data_hash\" value=\"\" \/>\n<\/fieldset>\n<p><label> Namn<br \/>\n<span class=\"wpcf7-form-control-wrap\" data-name=\"your-name\"><input size=\"40\" maxlength=\"400\" class=\"wpcf7-form-control wpcf7-text wpcf7-validates-as-required\" aria-required=\"true\" aria-invalid=\"false\" value=\"\" type=\"text\" name=\"your-name\" \/><\/span> <\/label>\n<\/p>\n<p><label> F\u00f6retaget<br \/>\n<span class=\"wpcf7-form-control-wrap\" data-name=\"yritys\"><input size=\"40\" maxlength=\"400\" class=\"wpcf7-form-control wpcf7-text\" aria-invalid=\"false\" value=\"\" type=\"text\" name=\"yritys\" \/><\/span> <\/label>\n<\/p>\n<p><label> Telefon<br \/>\n<span class=\"wpcf7-form-control-wrap\" data-name=\"puhelin\"><input size=\"40\" maxlength=\"400\" class=\"wpcf7-form-control wpcf7-text wpcf7-validates-as-required\" aria-required=\"true\" aria-invalid=\"false\" value=\"\" type=\"text\" name=\"puhelin\" \/><\/span> <\/label>\n<\/p>\n<p><label> Post<br \/>\n<span class=\"wpcf7-form-control-wrap\" data-name=\"your-email\"><input size=\"40\" maxlength=\"400\" class=\"wpcf7-form-control wpcf7-email wpcf7-validates-as-required wpcf7-text wpcf7-validates-as-email\" aria-required=\"true\" aria-invalid=\"false\" value=\"\" type=\"email\" name=\"your-email\" \/><\/span> <\/label>\n<\/p>\n<p><label> Meddelande<br \/>\n<span class=\"wpcf7-form-control-wrap\" data-name=\"your-message\"><textarea cols=\"40\" rows=\"10\" maxlength=\"2000\" class=\"wpcf7-form-control wpcf7-textarea\" aria-invalid=\"false\" name=\"your-message\"><\/textarea><\/span> <\/label>\n<\/p>\n<p><span class=\"wpcf7-form-control-wrap\" data-name=\"cmplz-acceptance\"><span class=\"wpcf7-form-control wpcf7-acceptance\"><span class=\"wpcf7-list-item\"><label><input type=\"checkbox\" name=\"cmplz-acceptance\" value=\"1\" aria-invalid=\"false\" \/><span class=\"wpcf7-list-item-label\">L\u00e4hett\u00e4\u00e4ksesi t\u00e4m\u00e4n lomakkeen sinun on hyv\u00e4ksytt\u00e4v\u00e4 <a href=\"#?cmplz_region_redirect=true\">tietosuojalausuntomme<\/a><\/span><\/label><\/span><\/span><\/span>\n<\/p>\n<p><input class=\"wpcf7-form-control wpcf7-submit has-spinner\" type=\"submit\" value=\"L\u00e4mna\" \/>\n<\/p><div class=\"wpcf7-response-output\" aria-hidden=\"true\"><\/div>\n<\/form>\n<\/div>\n[\/vc_column_text][\/vc_column][\/mk_page_section]\n","protected":false},"excerpt":{"rendered":"<p>[mk_page_section bg_stretch=&#8221;true&#8221; full_width=&#8221;true&#8221; top_shape_color=&#8221;#ffffff&#8221; bottom_shape_color=&#8221;#ffffff&#8221; visibility=&#8221;hidden-sm&#8221; sidebar=&#8221;sidebar-1&#8243;][vc_column][mk_advanced_gmaps custom_markers=&#8221;true&#8221; latitude=&#8221;60.710652&#8243; longitude=&#8221;25.231273&#8243; address=&#8221;Sarjalaite Oy&#8221; content_bg_color=&#8221;&#8221; content_font_color=&#8221;#ffffff&#8221; height=&#8221;500&#8243; map_zoom=&#8221;7&#8243;][\/vc_column][\/mk_page_section][mk_page_section bg_stretch=&#8221;true&#8221; full_width=&#8221;true&#8221; visibility=&#8221;visible-sm&#8221; sidebar=&#8221;sidebar-1&#8243;][vc_column][mk_advanced_gmaps custom_markers=&#8221;true&#8221; latitude=&#8221;60.710652&#8243; longitude=&#8221;25.231273&#8243; address=&#8221;Sarjalaite Oy&#8221; content_bg_color=&#8221;&#8221; content_font_color=&#8221;#ffffff&#8221; height=&#8221;200&#8243; map_zoom=&#8221;7&#8243;][\/vc_column][\/mk_page_section][mk_page_section padding_top=&#8221;50&#8243; padding_bottom=&#8221;40&#8243; sidebar=&#8221;sidebar-1&#8243;][vc_column width=&#8221;1\/3&#8243;][vc_custom_heading text=&#8221;V\u00e5r kontaktinformation&#8221; font_container=&#8221;tag:p|font_size:24|text_align:left&#8221; google_fonts=&#8221;font_family:Montserrat%3Aregular%2C700|font_style:700%20bold%20regular%3A700%3Anormal&#8221; css=&#8221;.vc_custom_1474443844853{margin-bottom: 20px !important;}&#8221;][vc_custom_heading text=&#8221;F\u00d6RS\u00c4LJNING&#8221; font_container=&#8221;tag:h2|font_size:16|text_align:left&#8221; google_fonts=&#8221;font_family:Montserrat%3Aregular%2C700|font_style:700%20bold%20regular%3A700%3Anormal&#8221;][mk_contact_info email=&#8221;myynti `{`at`}` eskofinland.fi&#8221; address=&#8221;+358 424 61 611&#8243; person=&#8221;ESKO-f\u00f6rs\u00e4ljning&#8221;][vc_custom_heading text=&#8221;VD&#8221; font_container=&#8221;tag:h2|font_size:16|text_align:left&#8221; google_fonts=&#8221;font_family:Montserrat%3Aregular%2C700|font_style:700%20bold%20regular%3A700%3Anormal&#8221;][mk_contact_info phone=&#8221;+358 [&hellip;]<\/p>\n","protected":false},"author":1,"featured_media":0,"parent":0,"menu_order":0,"comment_status":"closed","ping_status":"closed","template":"","meta":{"footnotes":""},"class_list":["post-613","page","type-page","status-publish","hentry"],"yoast_head":"<!-- This site is optimized with the Yoast SEO Premium plugin v26.2 (Yoast SEO v27.5) - https:\/\/yoast.com\/product\/yoast-seo-premium-wordpress\/ -->\n<title>Kontaktinformation - ESKO Finland Oy<\/title>\n<meta name=\"description\" content=\"Kontaktinformation. Postaddress S\u00e4link\u00e4\u00e4ntie 1043, 04740 S\u00e4link\u00e4\u00e4 Finland. Tel. + 358 424 61611, e-post toimisto[at]sarjalaite.fi.\" \/>\n<meta name=\"robots\" content=\"index, follow, max-snippet:-1, max-image-preview:large, max-video-preview:-1\" \/>\n<link rel=\"canonical\" href=\"https:\/\/www.eskofinland.fi\/ota-yhteytta\/\" \/>\n<meta property=\"og:locale\" content=\"sv_SE\" \/>\n<meta property=\"og:type\" content=\"article\" \/>\n<meta property=\"og:title\" content=\"Kontakt\" \/>\n<meta property=\"og:description\" content=\"Kontaktinformation. Postaddress S\u00e4link\u00e4\u00e4ntie 1043, 04740 S\u00e4link\u00e4\u00e4 Finland. Tel. + 358 424 61611, e-post toimisto[at]sarjalaite.fi.\" \/>\n<meta property=\"og:url\" content=\"https:\/\/www.eskofinland.fi\/ota-yhteytta\/\" \/>\n<meta property=\"og:site_name\" content=\"ESKO Finland Oy\" \/>\n<meta property=\"article:modified_time\" content=\"2023-04-17T09:31:22+00:00\" \/>\n<meta name=\"twitter:card\" content=\"summary_large_image\" \/>\n<meta name=\"twitter:label1\" content=\"Ber\u00e4knad l\u00e4stid\" \/>\n\t<meta name=\"twitter:data1\" content=\"2 minuter\" \/>\n<script type=\"application\/ld+json\" class=\"yoast-schema-graph\">{\"@context\":\"https:\\\/\\\/schema.org\",\"@graph\":[{\"@type\":\"WebPage\",\"@id\":\"https:\\\/\\\/www.eskofinland.fi\\\/ota-yhteytta\\\/\",\"url\":\"https:\\\/\\\/www.eskofinland.fi\\\/ota-yhteytta\\\/\",\"name\":\"Kontaktinformation - ESKO Finland Oy\",\"isPartOf\":{\"@id\":\"https:\\\/\\\/www.eskofinland.fi\\\/#website\"},\"datePublished\":\"2016-09-20T12:55:26+00:00\",\"dateModified\":\"2023-04-17T09:31:22+00:00\",\"description\":\"Kontaktinformation. Postaddress S\u00e4link\u00e4\u00e4ntie 1043, 04740 S\u00e4link\u00e4\u00e4 Finland. Tel. + 358 424 61611, e-post toimisto[at]sarjalaite.fi.\",\"breadcrumb\":{\"@id\":\"https:\\\/\\\/www.eskofinland.fi\\\/ota-yhteytta\\\/#breadcrumb\"},\"inLanguage\":\"sv-SE\",\"potentialAction\":[{\"@type\":\"ReadAction\",\"target\":[\"https:\\\/\\\/www.eskofinland.fi\\\/ota-yhteytta\\\/\"]}]},{\"@type\":\"BreadcrumbList\",\"@id\":\"https:\\\/\\\/www.eskofinland.fi\\\/ota-yhteytta\\\/#breadcrumb\",\"itemListElement\":[{\"@type\":\"ListItem\",\"position\":1,\"name\":\"Hem\",\"item\":\"https:\\\/\\\/www.eskofinland.fi\\\/sv\\\/\"},{\"@type\":\"ListItem\",\"position\":2,\"name\":\"Kontakt\"}]},{\"@type\":\"WebSite\",\"@id\":\"https:\\\/\\\/www.eskofinland.fi\\\/#website\",\"url\":\"https:\\\/\\\/www.eskofinland.fi\\\/\",\"name\":\"ESKO Finland Oy\",\"description\":\"Ter&auml;ksist&auml; laatua vuodesta 1947\",\"potentialAction\":[{\"@type\":\"SearchAction\",\"target\":{\"@type\":\"EntryPoint\",\"urlTemplate\":\"https:\\\/\\\/www.eskofinland.fi\\\/?s={search_term_string}\"},\"query-input\":{\"@type\":\"PropertyValueSpecification\",\"valueRequired\":true,\"valueName\":\"search_term_string\"}}],\"inLanguage\":\"sv-SE\"}]}<\/script>\n<!-- \/ Yoast SEO Premium plugin. -->","yoast_head_json":{"title":"Kontaktinformation - ESKO Finland Oy","description":"Kontaktinformation. Postaddress S\u00e4link\u00e4\u00e4ntie 1043, 04740 S\u00e4link\u00e4\u00e4 Finland. Tel. + 358 424 61611, e-post toimisto[at]sarjalaite.fi.","robots":{"index":"index","follow":"follow","max-snippet":"max-snippet:-1","max-image-preview":"max-image-preview:large","max-video-preview":"max-video-preview:-1"},"canonical":"https:\/\/www.eskofinland.fi\/ota-yhteytta\/","og_locale":"sv_SE","og_type":"article","og_title":"Kontakt","og_description":"Kontaktinformation. Postaddress S\u00e4link\u00e4\u00e4ntie 1043, 04740 S\u00e4link\u00e4\u00e4 Finland. Tel. + 358 424 61611, e-post toimisto[at]sarjalaite.fi.","og_url":"https:\/\/www.eskofinland.fi\/ota-yhteytta\/","og_site_name":"ESKO Finland Oy","article_modified_time":"2023-04-17T09:31:22+00:00","twitter_card":"summary_large_image","twitter_misc":{"Ber\u00e4knad l\u00e4stid":"2 minuter"},"schema":{"@context":"https:\/\/schema.org","@graph":[{"@type":"WebPage","@id":"https:\/\/www.eskofinland.fi\/ota-yhteytta\/","url":"https:\/\/www.eskofinland.fi\/ota-yhteytta\/","name":"Kontaktinformation - ESKO Finland Oy","isPartOf":{"@id":"https:\/\/www.eskofinland.fi\/#website"},"datePublished":"2016-09-20T12:55:26+00:00","dateModified":"2023-04-17T09:31:22+00:00","description":"Kontaktinformation. Postaddress S\u00e4link\u00e4\u00e4ntie 1043, 04740 S\u00e4link\u00e4\u00e4 Finland. Tel. + 358 424 61611, e-post toimisto[at]sarjalaite.fi.","breadcrumb":{"@id":"https:\/\/www.eskofinland.fi\/ota-yhteytta\/#breadcrumb"},"inLanguage":"sv-SE","potentialAction":[{"@type":"ReadAction","target":["https:\/\/www.eskofinland.fi\/ota-yhteytta\/"]}]},{"@type":"BreadcrumbList","@id":"https:\/\/www.eskofinland.fi\/ota-yhteytta\/#breadcrumb","itemListElement":[{"@type":"ListItem","position":1,"name":"Hem","item":"https:\/\/www.eskofinland.fi\/sv\/"},{"@type":"ListItem","position":2,"name":"Kontakt"}]},{"@type":"WebSite","@id":"https:\/\/www.eskofinland.fi\/#website","url":"https:\/\/www.eskofinland.fi\/","name":"ESKO Finland Oy","description":"Ter&auml;ksist&auml; laatua vuodesta 1947","potentialAction":[{"@type":"SearchAction","target":{"@type":"EntryPoint","urlTemplate":"https:\/\/www.eskofinland.fi\/?s={search_term_string}"},"query-input":{"@type":"PropertyValueSpecification","valueRequired":true,"valueName":"search_term_string"}}],"inLanguage":"sv-SE"}]}},"_links":{"self":[{"href":"https:\/\/www.eskofinland.fi\/sv\/wp-json\/wp\/v2\/pages\/613","targetHints":{"allow":["GET"]}}],"collection":[{"href":"https:\/\/www.eskofinland.fi\/sv\/wp-json\/wp\/v2\/pages"}],"about":[{"href":"https:\/\/www.eskofinland.fi\/sv\/wp-json\/wp\/v2\/types\/page"}],"author":[{"embeddable":true,"href":"https:\/\/www.eskofinland.fi\/sv\/wp-json\/wp\/v2\/users\/1"}],"replies":[{"embeddable":true,"href":"https:\/\/www.eskofinland.fi\/sv\/wp-json\/wp\/v2\/comments?post=613"}],"version-history":[{"count":6,"href":"https:\/\/www.eskofinland.fi\/sv\/wp-json\/wp\/v2\/pages\/613\/revisions"}],"predecessor-version":[{"id":5094,"href":"https:\/\/www.eskofinland.fi\/sv\/wp-json\/wp\/v2\/pages\/613\/revisions\/5094"}],"wp:attachment":[{"href":"https:\/\/www.eskofinland.fi\/sv\/wp-json\/wp\/v2\/media?parent=613"}],"curies":[{"name":"wp","href":"https:\/\/api.w.org\/{rel}","templated":true}]}}