{"id":615,"date":"2016-09-20T15:56:41","date_gmt":"2016-09-20T12:56:41","guid":{"rendered":"http:\/\/www.eskofinland.fi\/wp.www35.zoner-asiakas.fi\/?page_id=615&#038;lang=sv"},"modified":"2023-01-25T14:14:56","modified_gmt":"2023-01-25T12:14:56","slug":"foretaget","status":"publish","type":"page","link":"https:\/\/www.eskofinland.fi\/sv\/foretaget\/","title":{"rendered":"F\u00f6retaget"},"content":{"rendered":"[mk_page_section padding_top=&#8221;39&#8243; padding_bottom=&#8221;0&#8243; sidebar=&#8221;sidebar-1&#8243;][vc_column width=&#8221;1\/2&#8243;][vc_custom_heading text=&#8221;&#8221; font_container=&#8221;tag:h2|font_size:90|text_align:right&#8221; google_fonts=&#8221;font_family:Montserrat%3Aregular%2C700|font_style:700%20bold%20regular%3A700%3Anormal&#8221;][vc_single_image image=&#8221;4179&#8243; img_size=&#8221;large&#8221;][\/vc_column][vc_column width=&#8221;1\/2&#8243;][vc_column_text css=&#8221;.vc_custom_1674649067177{margin-bottom: 0px !important;}&#8221;]<strong>ESKO Finland Oy<\/strong> grundades \u00e5r 1947 f\u00f6r tillverkning och reparation av maskiner. Nuf\u00f6rtiden \u00e4r f\u00f6retaget den ledande tillverkaren inom sin bransch. ESKO Finland Oy tillverkar ESKO <em>Heavy<\/em> och ESKO <em>SL<\/em>-produkter (betongblandare, skottk\u00e4rror, magasink\u00e4rror, sandningsk\u00e4rror, tegelk\u00e4rror, trappk\u00e4rror och bords\u00e5gar).<\/p>\n<p>ESKO Finland Oy \u00e4r k\u00e4nd av sina produkters h\u00f6ga kvalitet och sin goda service. Produkterna \u00e4r anv\u00e4ndarv\u00e4nliga och passar b\u00e5de f\u00f6r proffs och f\u00f6r amat\u00f6ranv\u00e4ndning. Firman s\u00e4tter mycket v\u00e4rde p\u00e5 p\u00e5litlighet och l\u00e5ngsiktiga kundf\u00f6rh\u00e5llanden. I produktionen anv\u00e4nds den senaste teknologin och f\u00f6retagets arbetare \u00e4r mycket motiverade och erfarna. ESKO Finland Oy har ett stort lager f\u00f6r att f\u00f6rs\u00e4kra leveranser utan avbrott. F\u00f6retaget har en rymlig och modern lokal (4300 m2) i S\u00e4link\u00e4\u00e4 (Finland).[\/vc_column_text][\/vc_column][\/mk_page_section]\n","protected":false},"excerpt":{"rendered":"<p>[mk_page_section padding_top=&#8221;39&#8243; padding_bottom=&#8221;0&#8243; sidebar=&#8221;sidebar-1&#8243;][vc_column width=&#8221;1\/2&#8243;][vc_custom_heading text=&#8221;&#8221; font_container=&#8221;tag:h2|font_size:90|text_align:right&#8221; google_fonts=&#8221;font_family:Montserrat%3Aregular%2C700|font_style:700%20bold%20regular%3A700%3Anormal&#8221;][vc_single_image image=&#8221;4179&#8243; img_size=&#8221;large&#8221;][\/vc_column][vc_column width=&#8221;1\/2&#8243;][vc_column_text css=&#8221;.vc_custom_1674649067177{margin-bottom: 0px !important;}&#8221;]ESKO Finland Oy grundades \u00e5r 1947 f\u00f6r tillverkning och reparation av maskiner. Nuf\u00f6rtiden \u00e4r f\u00f6retaget den ledande tillverkaren inom sin bransch. ESKO Finland Oy tillverkar ESKO Heavy och ESKO SL-produkter (betongblandare, skottk\u00e4rror, magasink\u00e4rror, sandningsk\u00e4rror, tegelk\u00e4rror, trappk\u00e4rror och bords\u00e5gar). ESKO Finland Oy \u00e4r [&hellip;]<\/p>\n","protected":false},"author":1,"featured_media":0,"parent":0,"menu_order":0,"comment_status":"closed","ping_status":"closed","template":"","meta":{"footnotes":""},"class_list":["post-615","page","type-page","status-publish","hentry"],"yoast_head":"<!-- This site is optimized with the Yoast SEO Premium plugin v26.2 (Yoast SEO v27.5) - https:\/\/yoast.com\/product\/yoast-seo-premium-wordpress\/ -->\n<title>F\u00f6retaget - ESKO Finland Oy<\/title>\n<meta name=\"description\" content=\"ESKO Finland Oy \u00e4r en maskinverkstad som grundades \u00e5r 1947 i S\u00e4link\u00e4\u00e4. F\u00f6retaget tillverkar h\u00f6g kvalitet produkter f\u00f6r tr\u00e4dg\u00e5rden och byggnadsindustri.\" \/>\n<meta name=\"robots\" content=\"index, follow, max-snippet:-1, max-image-preview:large, max-video-preview:-1\" \/>\n<link rel=\"canonical\" href=\"https:\/\/www.eskofinland.fi\/yritys\/\" \/>\n<meta property=\"og:locale\" content=\"sv_SE\" \/>\n<meta property=\"og:type\" content=\"article\" \/>\n<meta property=\"og:title\" content=\"F\u00f6retaget\" \/>\n<meta property=\"og:description\" content=\"ESKO Finland Oy \u00e4r en maskinverkstad som grundades \u00e5r 1947 i S\u00e4link\u00e4\u00e4. F\u00f6retaget tillverkar h\u00f6g kvalitet produkter f\u00f6r tr\u00e4dg\u00e5rden och byggnadsindustri.\" \/>\n<meta property=\"og:url\" content=\"https:\/\/www.eskofinland.fi\/yritys\/\" \/>\n<meta property=\"og:site_name\" content=\"ESKO Finland Oy\" \/>\n<meta property=\"article:modified_time\" content=\"2023-01-25T12:14:56+00:00\" \/>\n<meta name=\"twitter:card\" content=\"summary_large_image\" \/>\n<meta name=\"twitter:label1\" content=\"Ber\u00e4knad l\u00e4stid\" \/>\n\t<meta name=\"twitter:data1\" content=\"1 minut\" \/>\n<script type=\"application\/ld+json\" class=\"yoast-schema-graph\">{\"@context\":\"https:\\\/\\\/schema.org\",\"@graph\":[{\"@type\":\"WebPage\",\"@id\":\"https:\\\/\\\/www.eskofinland.fi\\\/yritys\\\/\",\"url\":\"https:\\\/\\\/www.eskofinland.fi\\\/yritys\\\/\",\"name\":\"F\u00f6retaget - ESKO Finland Oy\",\"isPartOf\":{\"@id\":\"https:\\\/\\\/www.eskofinland.fi\\\/#website\"},\"datePublished\":\"2016-09-20T12:56:41+00:00\",\"dateModified\":\"2023-01-25T12:14:56+00:00\",\"description\":\"ESKO Finland Oy \u00e4r en maskinverkstad som grundades \u00e5r 1947 i S\u00e4link\u00e4\u00e4. F\u00f6retaget tillverkar h\u00f6g kvalitet produkter f\u00f6r tr\u00e4dg\u00e5rden och byggnadsindustri.\",\"breadcrumb\":{\"@id\":\"https:\\\/\\\/www.eskofinland.fi\\\/yritys\\\/#breadcrumb\"},\"inLanguage\":\"sv-SE\",\"potentialAction\":[{\"@type\":\"ReadAction\",\"target\":[\"https:\\\/\\\/www.eskofinland.fi\\\/yritys\\\/\"]}]},{\"@type\":\"BreadcrumbList\",\"@id\":\"https:\\\/\\\/www.eskofinland.fi\\\/yritys\\\/#breadcrumb\",\"itemListElement\":[{\"@type\":\"ListItem\",\"position\":1,\"name\":\"Hem\",\"item\":\"https:\\\/\\\/www.eskofinland.fi\\\/sv\\\/\"},{\"@type\":\"ListItem\",\"position\":2,\"name\":\"F\u00f6retaget\"}]},{\"@type\":\"WebSite\",\"@id\":\"https:\\\/\\\/www.eskofinland.fi\\\/#website\",\"url\":\"https:\\\/\\\/www.eskofinland.fi\\\/\",\"name\":\"ESKO Finland Oy\",\"description\":\"Ter&auml;ksist&auml; laatua vuodesta 1947\",\"potentialAction\":[{\"@type\":\"SearchAction\",\"target\":{\"@type\":\"EntryPoint\",\"urlTemplate\":\"https:\\\/\\\/www.eskofinland.fi\\\/?s={search_term_string}\"},\"query-input\":{\"@type\":\"PropertyValueSpecification\",\"valueRequired\":true,\"valueName\":\"search_term_string\"}}],\"inLanguage\":\"sv-SE\"}]}<\/script>\n<!-- \/ Yoast SEO Premium plugin. -->","yoast_head_json":{"title":"F\u00f6retaget - ESKO Finland Oy","description":"ESKO Finland Oy \u00e4r en maskinverkstad som grundades \u00e5r 1947 i S\u00e4link\u00e4\u00e4. F\u00f6retaget tillverkar h\u00f6g kvalitet produkter f\u00f6r tr\u00e4dg\u00e5rden och byggnadsindustri.","robots":{"index":"index","follow":"follow","max-snippet":"max-snippet:-1","max-image-preview":"max-image-preview:large","max-video-preview":"max-video-preview:-1"},"canonical":"https:\/\/www.eskofinland.fi\/yritys\/","og_locale":"sv_SE","og_type":"article","og_title":"F\u00f6retaget","og_description":"ESKO Finland Oy \u00e4r en maskinverkstad som grundades \u00e5r 1947 i S\u00e4link\u00e4\u00e4. F\u00f6retaget tillverkar h\u00f6g kvalitet produkter f\u00f6r tr\u00e4dg\u00e5rden och byggnadsindustri.","og_url":"https:\/\/www.eskofinland.fi\/yritys\/","og_site_name":"ESKO Finland Oy","article_modified_time":"2023-01-25T12:14:56+00:00","twitter_card":"summary_large_image","twitter_misc":{"Ber\u00e4knad l\u00e4stid":"1 minut"},"schema":{"@context":"https:\/\/schema.org","@graph":[{"@type":"WebPage","@id":"https:\/\/www.eskofinland.fi\/yritys\/","url":"https:\/\/www.eskofinland.fi\/yritys\/","name":"F\u00f6retaget - ESKO Finland Oy","isPartOf":{"@id":"https:\/\/www.eskofinland.fi\/#website"},"datePublished":"2016-09-20T12:56:41+00:00","dateModified":"2023-01-25T12:14:56+00:00","description":"ESKO Finland Oy \u00e4r en maskinverkstad som grundades \u00e5r 1947 i S\u00e4link\u00e4\u00e4. F\u00f6retaget tillverkar h\u00f6g kvalitet produkter f\u00f6r tr\u00e4dg\u00e5rden och byggnadsindustri.","breadcrumb":{"@id":"https:\/\/www.eskofinland.fi\/yritys\/#breadcrumb"},"inLanguage":"sv-SE","potentialAction":[{"@type":"ReadAction","target":["https:\/\/www.eskofinland.fi\/yritys\/"]}]},{"@type":"BreadcrumbList","@id":"https:\/\/www.eskofinland.fi\/yritys\/#breadcrumb","itemListElement":[{"@type":"ListItem","position":1,"name":"Hem","item":"https:\/\/www.eskofinland.fi\/sv\/"},{"@type":"ListItem","position":2,"name":"F\u00f6retaget"}]},{"@type":"WebSite","@id":"https:\/\/www.eskofinland.fi\/#website","url":"https:\/\/www.eskofinland.fi\/","name":"ESKO Finland Oy","description":"Ter&auml;ksist&auml; laatua vuodesta 1947","potentialAction":[{"@type":"SearchAction","target":{"@type":"EntryPoint","urlTemplate":"https:\/\/www.eskofinland.fi\/?s={search_term_string}"},"query-input":{"@type":"PropertyValueSpecification","valueRequired":true,"valueName":"search_term_string"}}],"inLanguage":"sv-SE"}]}},"_links":{"self":[{"href":"https:\/\/www.eskofinland.fi\/sv\/wp-json\/wp\/v2\/pages\/615","targetHints":{"allow":["GET"]}}],"collection":[{"href":"https:\/\/www.eskofinland.fi\/sv\/wp-json\/wp\/v2\/pages"}],"about":[{"href":"https:\/\/www.eskofinland.fi\/sv\/wp-json\/wp\/v2\/types\/page"}],"author":[{"embeddable":true,"href":"https:\/\/www.eskofinland.fi\/sv\/wp-json\/wp\/v2\/users\/1"}],"replies":[{"embeddable":true,"href":"https:\/\/www.eskofinland.fi\/sv\/wp-json\/wp\/v2\/comments?post=615"}],"version-history":[{"count":2,"href":"https:\/\/www.eskofinland.fi\/sv\/wp-json\/wp\/v2\/pages\/615\/revisions"}],"predecessor-version":[{"id":5060,"href":"https:\/\/www.eskofinland.fi\/sv\/wp-json\/wp\/v2\/pages\/615\/revisions\/5060"}],"wp:attachment":[{"href":"https:\/\/www.eskofinland.fi\/sv\/wp-json\/wp\/v2\/media?parent=615"}],"curies":[{"name":"wp","href":"https:\/\/api.w.org\/{rel}","templated":true}]}}